{"id":3282,"date":"2025-09-14T20:16:19","date_gmt":"2025-09-14T17:16:19","guid":{"rendered":"https:\/\/opetajateliit.ee\/?page_id=3282"},"modified":"2026-01-15T18:21:56","modified_gmt":"2026-01-15T15:21:56","slug":"opetaja-kutse-taotlemiseks-esitatavad-dokumendid-avalduse-vorm","status":"publish","type":"page","link":"https:\/\/opetajateliit.ee\/?page_id=3282","title":{"rendered":"\u00d5petaja kutse taotlemiseks esitatavad dokumendid + avalduse vorm"},"content":{"rendered":"\n<p><strong>\u00d5petaja kutse taotlemiseks esitatavad dokumendid:<\/strong><\/p>\n\n\n\n<p>1) kutse andja kinnitatud vormil&nbsp;<a href=\"https:\/\/opetajateliit.ee\/?attachment_id=3277\">\u00d5petaja kutse taotlemise avaldus<\/a><\/p>\n\n\n\n<p>2) isikut t\u00f5endava dokumendi (pass v\u00f5i ID kaart) koopia;<\/p>\n\n\n\n<p>3) haridust t\u00f5endavad dokumendid:<\/p>\n\n\n\n<p><em>\u00d5petaja, tase 5<\/em>&nbsp;\u2013 keskharidust (v\u00f5i sellega v\u00f5rdsustatud haridustaset) ja eesti keele oskust t\u00f5endava(te) dokumendi(dokumentide) koopia(d);<\/p>\n\n\n\n<p><em>\u00d5petaja, tase 6<\/em>&nbsp;\u2013 haridust (bakalaureusekraad v\u00f5i sellega v\u00f5rdsustatud haridustase) ja eesti keele oskust t\u00f5endava(te) dokumendi(dokumentide) koopia(d);<\/p>\n\n\n\n<p><em>\u00f5petaja, tase 7 \/ vanem\u00f5petaja, tase 7 \/ meister\u00f5petaja, tase 8<\/em>&nbsp;\u2013 haridust (magistrikraad v\u00f5i sellega v\u00f5rdsustatud haridustase) ja eesti keele oskust t\u00f5endava(te) dokumendi(dokumentide) koopia(d);<\/p>\n\n\n\n<p>4)&nbsp;<em>\u00f5petaja, tase 5 ja \u00f5petaja, tase 6<\/em>&nbsp;\u2013 v\u00e4hemalt \u00fche \u00f5ppeaasta pikkuse, pedagoogilisi kompetentse eeldavate t\u00f6\u00f6\u00fclesannete t\u00e4itmise kogemust t\u00f5endavad dokumendid, nt v\u00e4ljav\u00f5te riiklikust andmekogust (nt EHIS) \/<\/p>\n\n\n\n<p><em>alates \u00f5petaja, tase 7<\/em>&nbsp;\u2013 v\u00e4hemalt \u00fche \u00f5ppeaasta pikkuse \u00f5petajana t\u00f6\u00f6tamise kogemust t\u00f5endav v\u00e4ljav\u00f5te riiklikust andmekogust (nt EHIS);<\/p>\n\n\n\n<p>5) CV;<\/p>\n\n\n\n<p>6) alates&nbsp;<em>\u00f5petaja, tase 6<\/em>&nbsp;\u2013 taotletava kutse kompetentsusn\u00f5uetega seotud eneset\u00e4iendust t\u00f5endavate dokumentide koopiad ja\/v\u00f5i v\u00e4ljav\u00f5tted asjakohastest andmekogudest;<\/p>\n\n\n\n<p>7) &nbsp;kohustuslike kompetentside jaotusega e-portfoolio, mis sisaldab kutsestandardis kirjeldatud<\/p>\n\n\n\n<p>kompetentsidele tuginevat kutsealase tegevuse eneseanal\u00fc\u00fcsi ja k\u00f5ikide tegevusn\u00e4itajate kohta t\u00f5endusmaterjale;<\/p>\n\n\n\n<p>8) maksekorraldus v\u00f5i muu kinnitus kutse andmisega seotud kulude tasumise kohta.<\/p>\n\n\n\n<p><strong>NB!&nbsp;<\/strong>K\u00f5ik \u00fclalloetletud dokumendid tuleb saata kutsekoordinaatorile allkirjastatud digikonteineris aadressil<strong>&nbsp;<a href=\"mailto:kutsekoordinaator@gmail.com\">kutsekoordinaator@gmail.com<\/a><\/strong><\/p>\n\n\n\n<p><strong>UUS!<\/strong> \u00a0Varasemalt antud kutse kehtivuse kaotamise puhul taotletava \u00f5petaja 7 avaldus: <\/p>\n\n\n<p><a href=\"https:\/\/opetajateliit.ee\/?attachment_id=3350\" rel=\"attachment wp-att-3350\">Opetaja_tase7_kutse_avaldus_kuivanemv\u00f5imeisterolemas_2026<\/a><\/p>\n\n\n<p><\/p>\n","protected":false},"excerpt":{"rendered":"<p>\u00d5petaja kutse taotlemiseks esitatavad dokumendid: 1) kutse andja kinnitatud vormil&nbsp;\u00d5petaja kutse taotlemise avaldus 2) isikut t\u00f5endava dokumendi (pass v\u00f5i ID kaart) koopia; 3) haridust t\u00f5endavad dokumendid: \u00d5petaja, tase 5&nbsp;\u2013 keskharidust (v\u00f5i sellega v\u00f5rdsustatud haridustaset) ja eesti keele oskust t\u00f5endava(te) dokumendi(dokumentide) koopia(d); \u00d5petaja, tase 6&nbsp;\u2013 haridust (bakalaureusekraad v\u00f5i sellega v\u00f5rdsustatud haridustase) ja eesti keele oskust t\u00f5endava(te) dokumendi(dokumentide) koopia(d); \u00f5petaja, tase 7<\/p>\n","protected":false},"author":5,"featured_media":0,"parent":1445,"menu_order":4,"comment_status":"closed","ping_status":"closed","template":"","meta":{"footnotes":""},"class_list":["post-3282","page","type-page","status-publish","hentry"],"_links":{"self":[{"href":"https:\/\/opetajateliit.ee\/index.php?rest_route=\/wp\/v2\/pages\/3282","targetHints":{"allow":["GET"]}}],"collection":[{"href":"https:\/\/opetajateliit.ee\/index.php?rest_route=\/wp\/v2\/pages"}],"about":[{"href":"https:\/\/opetajateliit.ee\/index.php?rest_route=\/wp\/v2\/types\/page"}],"author":[{"embeddable":true,"href":"https:\/\/opetajateliit.ee\/index.php?rest_route=\/wp\/v2\/users\/5"}],"replies":[{"embeddable":true,"href":"https:\/\/opetajateliit.ee\/index.php?rest_route=%2Fwp%2Fv2%2Fcomments&post=3282"}],"version-history":[{"count":3,"href":"https:\/\/opetajateliit.ee\/index.php?rest_route=\/wp\/v2\/pages\/3282\/revisions"}],"predecessor-version":[{"id":3351,"href":"https:\/\/opetajateliit.ee\/index.php?rest_route=\/wp\/v2\/pages\/3282\/revisions\/3351"}],"up":[{"embeddable":true,"href":"https:\/\/opetajateliit.ee\/index.php?rest_route=\/wp\/v2\/pages\/1445"}],"wp:attachment":[{"href":"https:\/\/opetajateliit.ee\/index.php?rest_route=%2Fwp%2Fv2%2Fmedia&parent=3282"}],"curies":[{"name":"wp","href":"https:\/\/api.w.org\/{rel}","templated":true}]}}