{"id":3257,"date":"2025-09-05T22:26:46","date_gmt":"2025-09-05T19:26:46","guid":{"rendered":"https:\/\/opetajateliit.ee\/?page_id=3257"},"modified":"2025-09-08T11:59:48","modified_gmt":"2025-09-08T08:59:48","slug":"hindamisstandardid-koigile-opetaja-kutse-tasemetele","status":"publish","type":"page","link":"https:\/\/opetajateliit.ee\/?page_id=3257","title":{"rendered":"Hindamisstandardid k\u00f5igile \u00f5petaja kutse tasemetele"},"content":{"rendered":"<p><a href=\"https:\/\/opetajateliit.ee\/?attachment_id=3263\" rel=\"attachment wp-att-3263\">UUS_\u00d5petaja_tase 5_hindamisstandard_september2025<\/a><\/p>\n<p><a href=\"https:\/\/opetajateliit.ee\/?attachment_id=3264\" rel=\"attachment wp-att-3264\">UUS_\u00d5petaja_tase 6_hindamisstandard_september2025<\/a><\/p>\n<p><a href=\"https:\/\/opetajateliit.ee\/?attachment_id=3265\" rel=\"attachment wp-att-3265\">UUS_\u00d5petaja_tase 7_hindamisstandard_september2025<\/a><\/p>\n<p><a href=\"https:\/\/opetajateliit.ee\/?attachment_id=3266\" rel=\"attachment wp-att-3266\">UUS_Vanem\u00f5petaja_tase 7_hindamisstandard_september2025<\/a><\/p>\n<p><a href=\"https:\/\/opetajateliit.ee\/?attachment_id=3274\" rel=\"attachment wp-att-3274\">UUS_Meister\u00f5petaja_tase 8_hindamisstandard_september2025<\/a><\/p>\n\n\n<p><\/p>\n","protected":false},"excerpt":{"rendered":"<p>UUS_\u00d5petaja_tase 5_hindamisstandard_september2025 UUS_\u00d5petaja_tase 6_hindamisstandard_september2025 UUS_\u00d5petaja_tase 7_hindamisstandard_september2025 UUS_Vanem\u00f5petaja_tase 7_hindamisstandard_september2025 UUS_Meister\u00f5petaja_tase 8_hindamisstandard_september2025<\/p>\n","protected":false},"author":5,"featured_media":0,"parent":1445,"menu_order":5,"comment_status":"closed","ping_status":"closed","template":"","meta":{"footnotes":""},"class_list":["post-3257","page","type-page","status-publish","hentry"],"_links":{"self":[{"href":"https:\/\/opetajateliit.ee\/index.php?rest_route=\/wp\/v2\/pages\/3257","targetHints":{"allow":["GET"]}}],"collection":[{"href":"https:\/\/opetajateliit.ee\/index.php?rest_route=\/wp\/v2\/pages"}],"about":[{"href":"https:\/\/opetajateliit.ee\/index.php?rest_route=\/wp\/v2\/types\/page"}],"author":[{"embeddable":true,"href":"https:\/\/opetajateliit.ee\/index.php?rest_route=\/wp\/v2\/users\/5"}],"replies":[{"embeddable":true,"href":"https:\/\/opetajateliit.ee\/index.php?rest_route=%2Fwp%2Fv2%2Fcomments&post=3257"}],"version-history":[{"count":2,"href":"https:\/\/opetajateliit.ee\/index.php?rest_route=\/wp\/v2\/pages\/3257\/revisions"}],"predecessor-version":[{"id":3275,"href":"https:\/\/opetajateliit.ee\/index.php?rest_route=\/wp\/v2\/pages\/3257\/revisions\/3275"}],"up":[{"embeddable":true,"href":"https:\/\/opetajateliit.ee\/index.php?rest_route=\/wp\/v2\/pages\/1445"}],"wp:attachment":[{"href":"https:\/\/opetajateliit.ee\/index.php?rest_route=%2Fwp%2Fv2%2Fmedia&parent=3257"}],"curies":[{"name":"wp","href":"https:\/\/api.w.org\/{rel}","templated":true}]}}