{"id":3226,"date":"2025-07-31T23:39:45","date_gmt":"2025-07-31T20:39:45","guid":{"rendered":"https:\/\/opetajateliit.ee\/?page_id=3226"},"modified":"2026-01-12T22:29:58","modified_gmt":"2026-01-12T19:29:58","slug":"naidisportfoolio-opetaja-tase-7","status":"publish","type":"page","link":"https:\/\/opetajateliit.ee\/?page_id=3226","title":{"rendered":"N\u00e4idisportfooliod &#8211; k\u00f5ik tasemed"},"content":{"rendered":"\n<p><strong>\u00d5petaja, tase 5 n\u00e4idisportfoolio<\/strong><\/p>\n\n\n\n<p><a href=\"https:\/\/sites.google.com\/view\/6petaja5-portfoolio-alus\/alustuseks\" target=\"_blank\" rel=\"noreferrer noopener\">https:\/\/sites.google.com\/view\/6petaja5-portfoolio-alus\/alustuseks<\/a><\/p>\n\n\n\n<p><strong>\u00d5petaja, tase 6&nbsp;n\u00e4idisportfoolio<\/strong><\/p>\n\n\n\n<p><a href=\"https:\/\/sites.google.com\/view\/6petaja6-portfoolio-alus\/alustuseks\" target=\"_blank\" rel=\"noreferrer noopener\">https:\/\/sites.google.com\/view\/6petaja6-portfoolio-alus\/alustuseks<\/a><\/p>\n\n\n\n<p><strong>\u00d5petaja, tase 7 n\u00e4idisportfoolio<\/strong><\/p>\n\n\n\n<p><a href=\"https:\/\/sites.google.com\/view\/6petaja7-portfoolio-alus\/alustuseks\" target=\"_blank\" rel=\"noreferrer noopener\">https:\/\/sites.google.com\/view\/6petaja7-portfoolio-alus\/alustuseks<\/a><\/p>\n\n\n\n<p><strong>Vanem\u00f5petaja, tase 7 n\u00e4idisportfoolio<\/strong><\/p>\n\n\n\n<p><a href=\"https:\/\/sites.google.com\/view\/nidis-vanempetaja-tase-7\/alustuseks\" target=\"_blank\" rel=\"noreferrer noopener\">https:\/\/sites.google.com\/view\/nidis-vanempetaja-tase-7\/alustuseks<\/a><\/p>\n\n\n\n<p><strong>Meister\u00f5petaja, tase 8&nbsp;n\u00e4idisportfoolio<\/strong><\/p>\n\n\n\n<p><a href=\"https:\/\/sites.google.com\/view\/meister6petaja8-portfoolio\/alustuseks\" target=\"_blank\" rel=\"noreferrer noopener\">https:\/\/sites.google.com\/view\/meister6petaja8-portfoolio\/alustuseks<\/a><\/p>\n\n\n\n<p><strong>NB!<\/strong> <strong>TAAST\u00d5ENDAMISED<\/strong><\/p>\n\n\n\n<p><strong>Meister\u00f5petaja, tase 8 taast\u00f5endamine<\/strong><\/p>\n\n\n\n<p><a href=\"https:\/\/sites.google.com\/view\/nidis-taas-meister-tase-8\/alustuseks?authuser=3\">https:\/\/sites.google.com\/view\/nidis-taas-meister-tase-8\/alustuseks?authuser=3<\/a><\/p>\n\n\n\n<p><strong>Vanem\u00f5petaja, tase 7 taast\u00f5endamine<\/strong><\/p>\n\n\n\n<p><a href=\"https:\/\/sites.google.com\/view\/nidis-taastendamine-vanempetaj\/alustuseks?authuser=3\">https:\/\/sites.google.com\/view\/nidis-taastendamine-vanempetaj\/alustuseks?authuser=3<\/a><\/p>\n\n\n\n<p><\/p>\n","protected":false},"excerpt":{"rendered":"<p>\u00d5petaja, tase 5 n\u00e4idisportfoolio https:\/\/sites.google.com\/view\/6petaja5-portfoolio-alus\/alustuseks \u00d5petaja, tase 6&nbsp;n\u00e4idisportfoolio https:\/\/sites.google.com\/view\/6petaja6-portfoolio-alus\/alustuseks \u00d5petaja, tase 7 n\u00e4idisportfoolio https:\/\/sites.google.com\/view\/6petaja7-portfoolio-alus\/alustuseks Vanem\u00f5petaja, tase 7 n\u00e4idisportfoolio https:\/\/sites.google.com\/view\/nidis-vanempetaja-tase-7\/alustuseks Meister\u00f5petaja, tase 8&nbsp;n\u00e4idisportfoolio https:\/\/sites.google.com\/view\/meister6petaja8-portfoolio\/alustuseks NB! TAAST\u00d5ENDAMISED Meister\u00f5petaja, tase 8 taast\u00f5endamine https:\/\/sites.google.com\/view\/nidis-taas-meister-tase-8\/alustuseks?authuser=3 Vanem\u00f5petaja, tase 7 taast\u00f5endamine https:\/\/sites.google.com\/view\/nidis-taastendamine-vanempetaj\/alustuseks?authuser=3<\/p>\n","protected":false},"author":5,"featured_media":0,"parent":1445,"menu_order":4,"comment_status":"closed","ping_status":"closed","template":"","meta":{"footnotes":""},"class_list":["post-3226","page","type-page","status-publish","hentry"],"_links":{"self":[{"href":"https:\/\/opetajateliit.ee\/index.php?rest_route=\/wp\/v2\/pages\/3226","targetHints":{"allow":["GET"]}}],"collection":[{"href":"https:\/\/opetajateliit.ee\/index.php?rest_route=\/wp\/v2\/pages"}],"about":[{"href":"https:\/\/opetajateliit.ee\/index.php?rest_route=\/wp\/v2\/types\/page"}],"author":[{"embeddable":true,"href":"https:\/\/opetajateliit.ee\/index.php?rest_route=\/wp\/v2\/users\/5"}],"replies":[{"embeddable":true,"href":"https:\/\/opetajateliit.ee\/index.php?rest_route=%2Fwp%2Fv2%2Fcomments&post=3226"}],"version-history":[{"count":4,"href":"https:\/\/opetajateliit.ee\/index.php?rest_route=\/wp\/v2\/pages\/3226\/revisions"}],"predecessor-version":[{"id":3344,"href":"https:\/\/opetajateliit.ee\/index.php?rest_route=\/wp\/v2\/pages\/3226\/revisions\/3344"}],"up":[{"embeddable":true,"href":"https:\/\/opetajateliit.ee\/index.php?rest_route=\/wp\/v2\/pages\/1445"}],"wp:attachment":[{"href":"https:\/\/opetajateliit.ee\/index.php?rest_route=%2Fwp%2Fv2%2Fmedia&parent=3226"}],"curies":[{"name":"wp","href":"https:\/\/api.w.org\/{rel}","templated":true}]}}