{"id":2703,"date":"2021-04-29T22:32:40","date_gmt":"2021-04-29T19:32:40","guid":{"rendered":"http:\/\/www.opetajateliit.ee\/?page_id=2703"},"modified":"2025-08-01T00:16:47","modified_gmt":"2025-07-31T21:16:47","slug":"kutse-andmise-kord-opetaja-kutsetele","status":"publish","type":"page","link":"https:\/\/opetajateliit.ee\/?page_id=2703","title":{"rendered":"Kutse andmise kord \u00f5petaja kutsetele (UUS!)"},"content":{"rendered":"<p>.<\/p>\n<p>Hetkel kehtiv Hariduse Kutsen\u00f5ukogu 25.10.2023 otsusega nr 34 t\u00e4iendatud kutse andmise kord \u00f5petaja kutsetele.<\/p>\n<p>Dokumenti saab lugeda SIIN: <a href=\"https:\/\/opetajateliit.ee\/?attachment_id=3215\" rel=\"attachment wp-att-3215\">\u00d5petaja-kutsete-KA-kord-16.04.2025-al-01.09.2025<\/a><\/p>\n","protected":false},"excerpt":{"rendered":"<p>. Hetkel kehtiv Hariduse Kutsen\u00f5ukogu 25.10.2023 otsusega nr 34 t\u00e4iendatud kutse andmise kord \u00f5petaja kutsetele. Dokumenti saab lugeda SIIN: \u00d5petaja-kutsete-KA-kord-16.04.2025-al-01.09.2025<\/p>\n","protected":false},"author":5,"featured_media":0,"parent":1445,"menu_order":4,"comment_status":"closed","ping_status":"closed","template":"","meta":{"footnotes":""},"class_list":["post-2703","page","type-page","status-publish","hentry"],"_links":{"self":[{"href":"https:\/\/opetajateliit.ee\/index.php?rest_route=\/wp\/v2\/pages\/2703","targetHints":{"allow":["GET"]}}],"collection":[{"href":"https:\/\/opetajateliit.ee\/index.php?rest_route=\/wp\/v2\/pages"}],"about":[{"href":"https:\/\/opetajateliit.ee\/index.php?rest_route=\/wp\/v2\/types\/page"}],"author":[{"embeddable":true,"href":"https:\/\/opetajateliit.ee\/index.php?rest_route=\/wp\/v2\/users\/5"}],"replies":[{"embeddable":true,"href":"https:\/\/opetajateliit.ee\/index.php?rest_route=%2Fwp%2Fv2%2Fcomments&post=2703"}],"version-history":[{"count":5,"href":"https:\/\/opetajateliit.ee\/index.php?rest_route=\/wp\/v2\/pages\/2703\/revisions"}],"predecessor-version":[{"id":3216,"href":"https:\/\/opetajateliit.ee\/index.php?rest_route=\/wp\/v2\/pages\/2703\/revisions\/3216"}],"up":[{"embeddable":true,"href":"https:\/\/opetajateliit.ee\/index.php?rest_route=\/wp\/v2\/pages\/1445"}],"wp:attachment":[{"href":"https:\/\/opetajateliit.ee\/index.php?rest_route=%2Fwp%2Fv2%2Fmedia&parent=2703"}],"curies":[{"name":"wp","href":"https:\/\/api.w.org\/{rel}","templated":true}]}}