{"id":2687,"date":"2021-02-06T12:29:24","date_gmt":"2021-02-06T09:29:24","guid":{"rendered":"http:\/\/www.opetajateliit.ee\/?page_id=2687"},"modified":"2021-02-06T12:29:24","modified_gmt":"2021-02-06T09:29:24","slug":"liikmemaks","status":"publish","type":"page","link":"https:\/\/opetajateliit.ee\/?page_id=2687","title":{"rendered":"Liikmemaks"},"content":{"rendered":"\n<p>Eesti \u00d5petajate Liidu 01.12.2021 toimunud \u00fcldkoosolekul otsustati, et alates aastast 2021 on liikmemaksu suurus 20 eurot. mis tuleb tasuda E\u00d5Li arvelduskontole (Eesti \u00d5petajate Liit, a\/a nr EE221010022072852005).<\/p>\n\n\n\n<p>Liikmemaksu tasumise t\u00e4htaeg on 10.m\u00e4rts.<\/p>\n","protected":false},"excerpt":{"rendered":"<p>Eesti \u00d5petajate Liidu 01.12.2021 toimunud \u00fcldkoosolekul otsustati, et alates aastast 2021 on liikmemaksu suurus 20 eurot. mis tuleb tasuda E\u00d5Li arvelduskontole (Eesti \u00d5petajate Liit, a\/a nr EE221010022072852005). Liikmemaksu tasumise t\u00e4htaeg on 10.m\u00e4rts.<\/p>\n","protected":false},"author":5,"featured_media":0,"parent":0,"menu_order":0,"comment_status":"closed","ping_status":"closed","template":"","meta":{"footnotes":""},"class_list":["post-2687","page","type-page","status-publish","hentry"],"_links":{"self":[{"href":"https:\/\/opetajateliit.ee\/index.php?rest_route=\/wp\/v2\/pages\/2687","targetHints":{"allow":["GET"]}}],"collection":[{"href":"https:\/\/opetajateliit.ee\/index.php?rest_route=\/wp\/v2\/pages"}],"about":[{"href":"https:\/\/opetajateliit.ee\/index.php?rest_route=\/wp\/v2\/types\/page"}],"author":[{"embeddable":true,"href":"https:\/\/opetajateliit.ee\/index.php?rest_route=\/wp\/v2\/users\/5"}],"replies":[{"embeddable":true,"href":"https:\/\/opetajateliit.ee\/index.php?rest_route=%2Fwp%2Fv2%2Fcomments&post=2687"}],"version-history":[{"count":2,"href":"https:\/\/opetajateliit.ee\/index.php?rest_route=\/wp\/v2\/pages\/2687\/revisions"}],"predecessor-version":[{"id":2690,"href":"https:\/\/opetajateliit.ee\/index.php?rest_route=\/wp\/v2\/pages\/2687\/revisions\/2690"}],"wp:attachment":[{"href":"https:\/\/opetajateliit.ee\/index.php?rest_route=%2Fwp%2Fv2%2Fmedia&parent=2687"}],"curies":[{"name":"wp","href":"https:\/\/api.w.org\/{rel}","templated":true}]}}