{"id":2070,"date":"2017-10-01T21:00:42","date_gmt":"2017-10-01T18:00:42","guid":{"rendered":"http:\/\/www.opetajateliit.ee\/?page_id=2070"},"modified":"2020-07-15T21:49:29","modified_gmt":"2020-07-15T18:49:29","slug":"konverents-terve-opetaja-terve-uhiskond","status":"publish","type":"page","link":"https:\/\/opetajateliit.ee\/?page_id=2070","title":{"rendered":"Terve \u00f5petaja &#8211; terve \u00fchiskond"},"content":{"rendered":"<p><strong>20. oktoobril 2017&nbsp; toimus&nbsp;<\/strong><strong style=\"font-size: 0.95em;\">Rahvusraamatukogus konverents &#8220;Terve \u00f5petaja &#8211; terve \u00fchiskond&#8221;<\/strong><\/p>\n<p>P\u00e4eva modereeris&nbsp;<strong>Ott P\u00e4rna (<a href=\"http:\/\/www.opetajateliit.ee\/wp-content\/uploads\/2017\/10\/Moderaator_Parna_s\u00f5napilv_Terve_\u00f5petaja.pdf\">Moderaatori esitlus)<\/a><\/strong><\/p>\n<p>10.00-10.15 Avas\u00f5nad <strong>Margit Timakov (<a href=\"http:\/\/www.opetajateliit.ee\/wp-content\/uploads\/2017\/10\/Timakov_Avas\u00f5nad.pdf\">Timakovi avas\u00f5nad)<\/a><\/strong><\/p>\n<p>10.15-10.30 <strong>Elin Ots<a href=\"http:\/\/www.opetajateliit.ee\/wp-content\/uploads\/2017\/10\/Ots_\u00d5petaja_terve-ilm.pdf\">\u201e\u00d5petaja TERVE ILM\u201c<\/a><\/strong><\/p>\n<p>10.30-11.00<strong> \u00c4li Leijen<a href=\"http:\/\/www.opetajateliit.ee\/wp-content\/uploads\/2017\/10\/Leijen_\u00d5petaja_mis_Sinust_s\u00f5ltub.pdf\"> \u201e\u00d5petaja, mis Sinust s\u00f5ltub?\u201c<\/a><\/strong><\/p>\n<p>11.00\u201311.45<strong> Indrek Treufeldt<\/strong>&nbsp;\u00f5petaja kuvandist meedias<\/p>\n<p>11.45-12.00 <strong>Anna-Kaisa Oidermaa<\/strong> \u201eVaimse tervise lainele \u2013 Peaasjade praktilised vahendid \u00f5petajale abiks\u201c<strong> (Vaata viiteid kava l\u00f5pus!)<\/strong><\/p>\n<p>12.00-12.30 (inglise keeles, t\u00f5lkega) <strong>Vibeke Krane<a href=\"http:\/\/www.opetajateliit.ee\/wp-content\/uploads\/2017\/10\/Krane_TeacherStudentRelationship.pdf\">\u201eTeacher-student relationships in upper secondary school \u2013the great importance of the small things\u201c<\/a><\/strong><\/p>\n<p><strong>12.30-13.30 L\u00d5UNA<\/strong><\/p>\n<p>13.30 -14.00 (inglise keeles, t\u00f5lkega) <strong>Henriette Ibsen<\/strong> \u201eVarious ways for cooperation at school: who, how and why?\u201c<\/p>\n<p>14.00-14.30<strong> Grete Arro<a href=\"http:\/\/www.opetajateliit.ee\/wp-content\/uploads\/2017\/10\/Arro_\u00d5petaja_isiklikud_heaolu_reguleerimise_strateegiad.pdf\"> \u201e\u00d5petaja isiklikud heaolu reguleerimise strateegiad\u201c<\/a><\/strong><\/p>\n<p>14.30-15.30 <strong>\u00d5petajate vastus k\u00fcsimusele \u201eMis on sinu \u00f5petajamootori k\u00fctus ehk mis hoiab sind t\u00f6\u00f6l?\u201c +paneelarutelu<\/strong><br \/>\nKadrioru Saksa G\u00fcmnaasiumi ajaloo ja \u00fchiskonna \u00f5petaja <strong>Mihkel K\u00f5rbe <a href=\"http:\/\/www.opetajateliit.ee\/wp-content\/uploads\/2017\/10\/K\u00f5rbe_Mis_on_minu_\u00f5petajamootori-k\u00fctus.pdf\">esitlus<\/a><\/strong><br \/>\nRocca al Mare kooli inglise keele \u00f5petaja<strong> Aet Raudsepp (<a href=\"http:\/\/www.opetajateliit.ee\/wp-content\/uploads\/2017\/10\/Raudsep_Mis_on_minu_\u00f5petajamootori_k\u00fctus.pdf\">esitlus<\/a>)<\/strong><br \/>\nHansa kooli loodus\u00f5petuse \u00f5petaja <strong>Mario M\u00e4eots (<a href=\"http:\/\/www.opetajateliit.ee\/wp-content\/uploads\/2017\/10\/M\u00e4eots_Mis_on_minu_\u00f5petajamootori_k\u00fctus.pdf\">esitlus<\/a>)<\/strong><\/p>\n<p>15.30-16.00 <strong>Margit Timakov<\/strong><strong style=\"font-size: 0.95em;\"><a href=\"http:\/\/www.opetajateliit.ee\/wp-content\/uploads\/2017\/10\/Timakov_Enesekindel-ja-rahulolev-\u00f5petaja-\u2013-k\u00fcsitluse-esmased-tulemused.pdf\">\u201eEnesekindel ja rahulolev \u00f5petaja \u2013 esmane k\u00fcsitluse tulemuste anal\u00fc\u00fcs\u201c<\/a><\/strong><\/p>\n<p><strong>Anna-Kaisa Oidermaa viited linkidele:<\/strong><\/p>\n<blockquote class=\"wp-embedded-content\" data-secret=\"wItl8tlKhH\"><p><a href=\"https:\/\/peaasi.ee\/vaimse-tervise-tugivorgustik\/\">Vaimse tervise tugiv\u00f5rgustik<\/a><\/p><\/blockquote>\n<p><iframe loading=\"lazy\" class=\"wp-embedded-content\" sandbox=\"allow-scripts\" security=\"restricted\" style=\"position: absolute; clip: rect(1px, 1px, 1px, 1px);\" title=\"&#8220;Vaimse tervise tugiv\u00f5rgustik&#8221; &#8212; Peaasi.ee\" src=\"https:\/\/peaasi.ee\/vaimse-tervise-tugivorgustik\/embed\/#?secret=wItl8tlKhH\" data-secret=\"wItl8tlKhH\" width=\"600\" height=\"338\" frameborder=\"0\" marginwidth=\"0\" marginheight=\"0\" scrolling=\"no\"><\/iframe><\/p>\n<blockquote class=\"wp-embedded-content\" data-secret=\"Z4KDE89NY3\"><p><a href=\"https:\/\/peaasi.ee\/opetaja-ja-labipolemine\/\">\u00d5petaja ja l\u00e4bip\u00f5lemine<\/a><\/p><\/blockquote>\n<p><iframe loading=\"lazy\" class=\"wp-embedded-content\" sandbox=\"allow-scripts\" security=\"restricted\" style=\"position: absolute; clip: rect(1px, 1px, 1px, 1px);\" title=\"&#8220;\u00d5petaja ja l\u00e4bip\u00f5lemine&#8221; &#8212; Peaasi.ee\" src=\"https:\/\/peaasi.ee\/opetaja-ja-labipolemine\/embed\/#?secret=Z4KDE89NY3\" data-secret=\"Z4KDE89NY3\" width=\"600\" height=\"338\" frameborder=\"0\" marginwidth=\"0\" marginheight=\"0\" scrolling=\"no\"><\/iframe><\/p>\n<blockquote class=\"wp-embedded-content\" data-secret=\"4Csa1NhID3\"><p><a href=\"https:\/\/peaasi.ee\/opilase-muutunud-kaitumine\/\">Mida saab teha \u00f5petaja, kui ta m\u00e4rkab \u00f5pilase muutunud k\u00e4itumist?<\/a><\/p><\/blockquote>\n<p><iframe loading=\"lazy\" class=\"wp-embedded-content\" sandbox=\"allow-scripts\" security=\"restricted\" style=\"position: absolute; clip: rect(1px, 1px, 1px, 1px);\" title=\"&#8220;Mida saab teha \u00f5petaja, kui ta m\u00e4rkab \u00f5pilase muutunud k\u00e4itumist?&#8221; &#8212; Peaasi.ee\" src=\"https:\/\/peaasi.ee\/opilase-muutunud-kaitumine\/embed\/#?secret=4Csa1NhID3\" data-secret=\"4Csa1NhID3\" width=\"600\" height=\"338\" frameborder=\"0\" marginwidth=\"0\" marginheight=\"0\" scrolling=\"no\"><\/iframe><\/p>\n<blockquote class=\"wp-embedded-content\" data-secret=\"TLqQiEMZ5P\"><p><a href=\"https:\/\/peaasi.ee\/raagi-lapsega2\/\">R\u00e4\u00e4gi lapsega<\/a><\/p><\/blockquote>\n<p><iframe loading=\"lazy\" class=\"wp-embedded-content\" sandbox=\"allow-scripts\" security=\"restricted\" style=\"position: absolute; clip: rect(1px, 1px, 1px, 1px);\" title=\"&#8220;R\u00e4\u00e4gi lapsega&#8221; &#8212; Peaasi.ee\" src=\"https:\/\/peaasi.ee\/raagi-lapsega2\/embed\/#?secret=TLqQiEMZ5P\" data-secret=\"TLqQiEMZ5P\" width=\"600\" height=\"338\" frameborder=\"0\" marginwidth=\"0\" marginheight=\"0\" scrolling=\"no\"><\/iframe><\/p>\n<blockquote class=\"wp-embedded-content\" data-secret=\"HMBt6LvPpT\"><p><a href=\"https:\/\/peaasi.ee\/raagi-kolleegiga\/\">R\u00e4\u00e4gi kolleegiga<\/a><\/p><\/blockquote>\n<p><iframe loading=\"lazy\" class=\"wp-embedded-content\" sandbox=\"allow-scripts\" security=\"restricted\" style=\"position: absolute; clip: rect(1px, 1px, 1px, 1px);\" title=\"&#8220;R\u00e4\u00e4gi kolleegiga&#8221; &#8212; Peaasi.ee\" src=\"https:\/\/peaasi.ee\/raagi-kolleegiga\/embed\/#?secret=HMBt6LvPpT\" data-secret=\"HMBt6LvPpT\" width=\"600\" height=\"338\" frameborder=\"0\" marginwidth=\"0\" marginheight=\"0\" scrolling=\"no\"><\/iframe><\/p>\n<blockquote class=\"wp-embedded-content\" data-secret=\"uawa58afVt\"><p><a href=\"https:\/\/peaasi.ee\/raagi-lapsevanemaga\/\">R\u00e4\u00e4gi lapsevanemaga<\/a><\/p><\/blockquote>\n<p><iframe loading=\"lazy\" class=\"wp-embedded-content\" sandbox=\"allow-scripts\" security=\"restricted\" style=\"position: absolute; clip: rect(1px, 1px, 1px, 1px);\" title=\"&#8220;R\u00e4\u00e4gi lapsevanemaga&#8221; &#8212; Peaasi.ee\" src=\"https:\/\/peaasi.ee\/raagi-lapsevanemaga\/embed\/#?secret=uawa58afVt\" data-secret=\"uawa58afVt\" width=\"600\" height=\"338\" frameborder=\"0\" marginwidth=\"0\" marginheight=\"0\" scrolling=\"no\"><\/iframe><\/p>\n<blockquote class=\"wp-embedded-content\" data-secret=\"maUJPrfqjR\"><p><a href=\"https:\/\/peaasi.ee\/kysi-noustajalt\/\">K\u00fcsi n\u00f5ustajalt<\/a><\/p><\/blockquote>\n<p><iframe loading=\"lazy\" class=\"wp-embedded-content\" sandbox=\"allow-scripts\" security=\"restricted\" style=\"position: absolute; clip: rect(1px, 1px, 1px, 1px);\" title=\"&#8220;K\u00fcsi n\u00f5ustajalt&#8221; &#8212; Peaasi.ee\" src=\"https:\/\/peaasi.ee\/kysi-noustajalt\/embed\/#?secret=maUJPrfqjR\" data-secret=\"maUJPrfqjR\" width=\"600\" height=\"338\" frameborder=\"0\" marginwidth=\"0\" marginheight=\"0\" scrolling=\"no\"><\/iframe><\/p>\n<p>&nbsp;<\/p>\n<p>&nbsp;<\/p>\n<p>Konverents on rahastatud Norra toetuste 2009-2014 programmist \u201eRahvatervis\u201c.<\/p>\n<p><a href=\"http:\/\/www.opetajateliit.ee\/wp-content\/uploads\/2017\/10\/sotsmin_3lovi_est.jpg\"><img loading=\"lazy\" decoding=\"async\" class=\"alignleft size-medium wp-image-2071\" src=\"http:\/\/www.opetajateliit.ee\/wp-content\/uploads\/2017\/10\/sotsmin_3lovi_est-300x120.jpg\" alt=\"\" width=\"300\" height=\"120\" srcset=\"https:\/\/opetajateliit.ee\/wp-content\/uploads\/2017\/10\/sotsmin_3lovi_est-300x120.jpg 300w, https:\/\/opetajateliit.ee\/wp-content\/uploads\/2017\/10\/sotsmin_3lovi_est-150x60.jpg 150w, https:\/\/opetajateliit.ee\/wp-content\/uploads\/2017\/10\/sotsmin_3lovi_est-768x307.jpg 768w, https:\/\/opetajateliit.ee\/wp-content\/uploads\/2017\/10\/sotsmin_3lovi_est-1024x410.jpg 1024w, https:\/\/opetajateliit.ee\/wp-content\/uploads\/2017\/10\/sotsmin_3lovi_est-880x350.jpg 880w, https:\/\/opetajateliit.ee\/wp-content\/uploads\/2017\/10\/sotsmin_3lovi_est-600x240.jpg 600w, https:\/\/opetajateliit.ee\/wp-content\/uploads\/2017\/10\/sotsmin_3lovi_est.jpg 1890w\" sizes=\"auto, (max-width: 300px) 100vw, 300px\" \/><\/a><a href=\"http:\/\/www.opetajateliit.ee\/wp-content\/uploads\/2017\/10\/NorwayGrants-JPG.jpg\"><img loading=\"lazy\" decoding=\"async\" class=\"alignleft size-medium wp-image-2072\" src=\"http:\/\/www.opetajateliit.ee\/wp-content\/uploads\/2017\/10\/NorwayGrants-JPG-300x300.jpg\" alt=\"\" width=\"300\" height=\"300\" srcset=\"https:\/\/opetajateliit.ee\/wp-content\/uploads\/2017\/10\/NorwayGrants-JPG-300x300.jpg 300w, https:\/\/opetajateliit.ee\/wp-content\/uploads\/2017\/10\/NorwayGrants-JPG-150x150.jpg 150w, https:\/\/opetajateliit.ee\/wp-content\/uploads\/2017\/10\/NorwayGrants-JPG-90x90.jpg 90w, https:\/\/opetajateliit.ee\/wp-content\/uploads\/2017\/10\/NorwayGrants-JPG-75x75.jpg 75w, https:\/\/opetajateliit.ee\/wp-content\/uploads\/2017\/10\/NorwayGrants-JPG.jpg 595w\" sizes=\"auto, (max-width: 300px) 100vw, 300px\" \/><\/a><\/p>\n","protected":false},"excerpt":{"rendered":"<p>20. oktoobril 2017&nbsp; toimus&nbsp;Rahvusraamatukogus konverents &#8220;Terve \u00f5petaja &#8211; terve \u00fchiskond&#8221; P\u00e4eva modereeris&nbsp;Ott P\u00e4rna (Moderaatori esitlus) 10.00-10.15 Avas\u00f5nad Margit Timakov (Timakovi avas\u00f5nad) 10.15-10.30 Elin Ots\u201e\u00d5petaja TERVE ILM\u201c 10.30-11.00 \u00c4li Leijen \u201e\u00d5petaja, mis Sinust s\u00f5ltub?\u201c 11.00\u201311.45 Indrek Treufeldt&nbsp;\u00f5petaja kuvandist meedias 11.45-12.00 Anna-Kaisa Oidermaa \u201eVaimse tervise lainele \u2013 Peaasjade praktilised vahendid \u00f5petajale abiks\u201c (Vaata viiteid kava l\u00f5pus!) 12.00-12.30 (inglise keeles, t\u00f5lkega) Vibeke Krane\u201eTeacher-student<\/p>\n","protected":false},"author":5,"featured_media":2082,"parent":0,"menu_order":0,"comment_status":"closed","ping_status":"closed","template":"template-fullwidth.php","meta":{"footnotes":""},"class_list":["post-2070","page","type-page","status-publish","has-post-thumbnail","hentry"],"_links":{"self":[{"href":"https:\/\/opetajateliit.ee\/index.php?rest_route=\/wp\/v2\/pages\/2070","targetHints":{"allow":["GET"]}}],"collection":[{"href":"https:\/\/opetajateliit.ee\/index.php?rest_route=\/wp\/v2\/pages"}],"about":[{"href":"https:\/\/opetajateliit.ee\/index.php?rest_route=\/wp\/v2\/types\/page"}],"author":[{"embeddable":true,"href":"https:\/\/opetajateliit.ee\/index.php?rest_route=\/wp\/v2\/users\/5"}],"replies":[{"embeddable":true,"href":"https:\/\/opetajateliit.ee\/index.php?rest_route=%2Fwp%2Fv2%2Fcomments&post=2070"}],"version-history":[{"count":7,"href":"https:\/\/opetajateliit.ee\/index.php?rest_route=\/wp\/v2\/pages\/2070\/revisions"}],"predecessor-version":[{"id":2592,"href":"https:\/\/opetajateliit.ee\/index.php?rest_route=\/wp\/v2\/pages\/2070\/revisions\/2592"}],"wp:featuredmedia":[{"embeddable":true,"href":"https:\/\/opetajateliit.ee\/index.php?rest_route=\/wp\/v2\/media\/2082"}],"wp:attachment":[{"href":"https:\/\/opetajateliit.ee\/index.php?rest_route=%2Fwp%2Fv2%2Fmedia&parent=2070"}],"curies":[{"name":"wp","href":"https:\/\/api.w.org\/{rel}","templated":true}]}}