{"id":2,"date":"2009-09-30T23:24:58","date_gmt":"2009-09-30T20:24:58","guid":{"rendered":"http:\/\/www.opetajateliit.ee\/wordpress\/?page_id=2"},"modified":"2016-10-18T15:13:13","modified_gmt":"2016-10-18T12:13:13","slug":"minust","status":"publish","type":"page","link":"https:\/\/opetajateliit.ee\/?page_id=2","title":{"rendered":"E\u00d5L"},"content":{"rendered":"<p>&nbsp;<\/p>\n<p>Eesti \u00d5petajate Liit on pedagoogide vabatahtlik, s\u00f5ltumatu, demokraatlik kutse\u00fching, mis on aastatel 1917- 1940 tegutsenud Eesti \u00d5petajate Liidu \u00f5igusj\u00e4rglane ning j\u00e4tkab selle organisatsiooni tegevust.<\/p>\n<p>Liidu eesm\u00e4rgid on<\/p>\n<ul>\n<li>\u00f5petaja rolli t\u00e4htsustamine \u00fchiskonnas<\/li>\n<li>rahvusliku hariduse ja kultuuri m\u00f5testamine ja edendamine<\/li>\n<li>\u00f5petajate kutsehuvide esindamine ja kaitsmine<\/li>\n<li>\u00f5petajate ettevalmistamise ja eneset\u00e4iendamise v\u00f5imaluste laiendamine ning koost\u00f6\u00f6 \u00f5petajaid ettevalmistavate k\u00f5rg- ja muude koolidega<\/li>\n<li>osalemine kodanikualgatuse korras Eesti hariduspoliitika ja strateegia kujundamisel ning sellealaste seaduste t\u00e4iustamisel<\/li>\n<li>koost\u00f6\u00f6 pedagoogikateadlastega ning teiste sama valdkonna v\u00f5i sellele l\u00e4hedaste isikute ja \u00fchendustega Eestis ning v\u00e4ljaspool Eestit<\/li>\n<li>osalemine rahvusvahelistes projektides<\/li>\n<\/ul>\n<p>Eesti \u00d5petajate Liit l\u00e4htub oma eesm\u00e4rkide saavutamisel pedagoogikale omastest humanistlikest ideedest ja eetikast ning demokraatia p\u00f5hiprintsiipidest, tema tegevus rajaneb liikmete omaalgatusel ja \u00fchiskondlikul aktiivsusel<\/p>\n","protected":false},"excerpt":{"rendered":"<p>&nbsp; Eesti \u00d5petajate Liit on pedagoogide vabatahtlik, s\u00f5ltumatu, demokraatlik kutse\u00fching, mis on aastatel 1917- 1940 tegutsenud Eesti \u00d5petajate Liidu \u00f5igusj\u00e4rglane ning j\u00e4tkab selle organisatsiooni tegevust. Liidu eesm\u00e4rgid on \u00f5petaja rolli t\u00e4htsustamine \u00fchiskonnas rahvusliku hariduse ja kultuuri m\u00f5testamine ja edendamine \u00f5petajate kutsehuvide esindamine ja kaitsmine \u00f5petajate ettevalmistamise ja eneset\u00e4iendamise v\u00f5imaluste laiendamine ning koost\u00f6\u00f6 \u00f5petajaid ettevalmistavate k\u00f5rg- ja muude koolidega osalemine kodanikualgatuse<\/p>\n","protected":false},"author":5,"featured_media":0,"parent":0,"menu_order":0,"comment_status":"closed","ping_status":"closed","template":"","meta":{"footnotes":""},"class_list":["post-2","page","type-page","status-publish","hentry"],"_links":{"self":[{"href":"https:\/\/opetajateliit.ee\/index.php?rest_route=\/wp\/v2\/pages\/2","targetHints":{"allow":["GET"]}}],"collection":[{"href":"https:\/\/opetajateliit.ee\/index.php?rest_route=\/wp\/v2\/pages"}],"about":[{"href":"https:\/\/opetajateliit.ee\/index.php?rest_route=\/wp\/v2\/types\/page"}],"author":[{"embeddable":true,"href":"https:\/\/opetajateliit.ee\/index.php?rest_route=\/wp\/v2\/users\/5"}],"replies":[{"embeddable":true,"href":"https:\/\/opetajateliit.ee\/index.php?rest_route=%2Fwp%2Fv2%2Fcomments&post=2"}],"version-history":[{"count":13,"href":"https:\/\/opetajateliit.ee\/index.php?rest_route=\/wp\/v2\/pages\/2\/revisions"}],"predecessor-version":[{"id":1886,"href":"https:\/\/opetajateliit.ee\/index.php?rest_route=\/wp\/v2\/pages\/2\/revisions\/1886"}],"wp:attachment":[{"href":"https:\/\/opetajateliit.ee\/index.php?rest_route=%2Fwp%2Fv2%2Fmedia&parent=2"}],"curies":[{"name":"wp","href":"https:\/\/api.w.org\/{rel}","templated":true}]}}