{"id":1697,"date":"2015-11-03T10:24:21","date_gmt":"2015-11-03T07:24:21","guid":{"rendered":"http:\/\/www.opetajateliit.ee\/?page_id=1697"},"modified":"2015-11-03T10:24:21","modified_gmt":"2015-11-03T07:24:21","slug":"portaali-peaasi-ee-materjalid","status":"publish","type":"page","link":"https:\/\/opetajateliit.ee\/?page_id=1697","title":{"rendered":"Portaali Peaasi.ee materjalid"},"content":{"rendered":"<p>Eesti \u00d5petajate Liidu hea partner MT\u00dc Peaasjad on loonud suurep\u00e4rase keskkonna (<a href=\"http:\/\/peaasi.ee\/\" target=\"_blank\">peaasi.ee<\/a>) vaimse tervise teemadel info leidmiseks ja kasutamiseks.<\/p>\n<p>M\u00f5ned olulisemad teemad eraldi v\u00e4ljatooduna:<\/p>\n<p>1. Milliseid vaimse tervise puhul olulisi aspekte peaks m\u00e4rgata oskama \u00f5petaja?<\/p>\n<p>Vaata <a href=\"http:\/\/peaasi.ee\/524\/\" target=\"_blank\">SIIT<\/a><\/p>\n<p>2. Abi otsimise ABC<\/p>\n<p>Vaata <a href=\"http:\/\/peaasi.ee\/millal-poorduda-abi-saama\/\" target=\"_blank\">SIIT<\/a><\/p>\n<p>3. Hea n\u00f5u ja nipid<\/p>\n<p>Vaata <a href=\"http:\/\/peaasi.ee\/nipid-2\/\" target=\"_blank\">SIIT<\/a><\/p>\n<p>4. Treeni aju<\/p>\n<p>Vaata <a href=\"http:\/\/test.peaasi.ee\/\" target=\"_blank\">SIIT<\/a><\/p>\n","protected":false},"excerpt":{"rendered":"<p>Eesti \u00d5petajate Liidu hea partner MT\u00dc Peaasjad on loonud suurep\u00e4rase keskkonna (peaasi.ee) vaimse tervise teemadel info leidmiseks ja kasutamiseks. M\u00f5ned olulisemad teemad eraldi v\u00e4ljatooduna: 1. Milliseid vaimse tervise puhul olulisi aspekte peaks m\u00e4rgata oskama \u00f5petaja? Vaata SIIT 2. Abi otsimise ABC Vaata SIIT 3. Hea n\u00f5u ja nipid Vaata SIIT 4. Treeni aju Vaata SIIT<\/p>\n","protected":false},"author":5,"featured_media":0,"parent":1552,"menu_order":0,"comment_status":"closed","ping_status":"closed","template":"","meta":{"footnotes":""},"class_list":["post-1697","page","type-page","status-publish","hentry"],"_links":{"self":[{"href":"https:\/\/opetajateliit.ee\/index.php?rest_route=\/wp\/v2\/pages\/1697","targetHints":{"allow":["GET"]}}],"collection":[{"href":"https:\/\/opetajateliit.ee\/index.php?rest_route=\/wp\/v2\/pages"}],"about":[{"href":"https:\/\/opetajateliit.ee\/index.php?rest_route=\/wp\/v2\/types\/page"}],"author":[{"embeddable":true,"href":"https:\/\/opetajateliit.ee\/index.php?rest_route=\/wp\/v2\/users\/5"}],"replies":[{"embeddable":true,"href":"https:\/\/opetajateliit.ee\/index.php?rest_route=%2Fwp%2Fv2%2Fcomments&post=1697"}],"version-history":[{"count":1,"href":"https:\/\/opetajateliit.ee\/index.php?rest_route=\/wp\/v2\/pages\/1697\/revisions"}],"predecessor-version":[{"id":1698,"href":"https:\/\/opetajateliit.ee\/index.php?rest_route=\/wp\/v2\/pages\/1697\/revisions\/1698"}],"up":[{"embeddable":true,"href":"https:\/\/opetajateliit.ee\/index.php?rest_route=\/wp\/v2\/pages\/1552"}],"wp:attachment":[{"href":"https:\/\/opetajateliit.ee\/index.php?rest_route=%2Fwp%2Fv2%2Fmedia&parent=1697"}],"curies":[{"name":"wp","href":"https:\/\/api.w.org\/{rel}","templated":true}]}}