{"id":1691,"date":"2015-10-15T22:44:44","date_gmt":"2015-10-15T19:44:44","guid":{"rendered":"http:\/\/www.opetajateliit.ee\/?page_id=1691"},"modified":"2022-12-06T16:45:00","modified_gmt":"2022-12-06T13:45:00","slug":"kutsekoordinaator","status":"publish","type":"page","link":"https:\/\/opetajateliit.ee\/?page_id=1691","title":{"rendered":"Kutsekoordinaator"},"content":{"rendered":"<p style=\"font-weight: 400;\">Kutse taotlemisega seotud k\u00fcsimustele saab vastused e-posti aadressil:\u00a0<a href=\"mailto:kutsekoordinaator@gmail.com\">kutsekoordinaator@gmail.com<\/a><\/p>\n<p>ja telefonil\u00a0<strong>+372<\/strong> <strong>56849496.<\/strong> Telefoni teel konsultatsioonideks on parim aeg neljap\u00e4eviti ajavahemikus kell 12.00-18.00.<\/p>\n<p style=\"font-weight: 400;\">Kui k\u00f5nele muul ajal ei vastata koheselt, siis helistatakse tagasi hiljemalt j\u00e4rgmisel t\u00f6\u00f6p\u00e4eval.<\/p>\n\n\n<p><\/p>\n","protected":false},"excerpt":{"rendered":"<p>Kutse taotlemisega seotud k\u00fcsimustele saab vastused e-posti aadressil:\u00a0kutsekoordinaator@gmail.com ja telefonil\u00a0+372 56849496. Telefoni teel konsultatsioonideks on parim aeg neljap\u00e4eviti ajavahemikus kell 12.00-18.00. Kui k\u00f5nele muul ajal ei vastata koheselt, siis helistatakse tagasi hiljemalt j\u00e4rgmisel t\u00f6\u00f6p\u00e4eval.<\/p>\n","protected":false},"author":5,"featured_media":0,"parent":1445,"menu_order":0,"comment_status":"closed","ping_status":"closed","template":"","meta":{"footnotes":""},"class_list":["post-1691","page","type-page","status-publish","hentry"],"_links":{"self":[{"href":"https:\/\/opetajateliit.ee\/index.php?rest_route=\/wp\/v2\/pages\/1691","targetHints":{"allow":["GET"]}}],"collection":[{"href":"https:\/\/opetajateliit.ee\/index.php?rest_route=\/wp\/v2\/pages"}],"about":[{"href":"https:\/\/opetajateliit.ee\/index.php?rest_route=\/wp\/v2\/types\/page"}],"author":[{"embeddable":true,"href":"https:\/\/opetajateliit.ee\/index.php?rest_route=\/wp\/v2\/users\/5"}],"replies":[{"embeddable":true,"href":"https:\/\/opetajateliit.ee\/index.php?rest_route=%2Fwp%2Fv2%2Fcomments&post=1691"}],"version-history":[{"count":13,"href":"https:\/\/opetajateliit.ee\/index.php?rest_route=\/wp\/v2\/pages\/1691\/revisions"}],"predecessor-version":[{"id":2872,"href":"https:\/\/opetajateliit.ee\/index.php?rest_route=\/wp\/v2\/pages\/1691\/revisions\/2872"}],"up":[{"embeddable":true,"href":"https:\/\/opetajateliit.ee\/index.php?rest_route=\/wp\/v2\/pages\/1445"}],"wp:attachment":[{"href":"https:\/\/opetajateliit.ee\/index.php?rest_route=%2Fwp%2Fv2%2Fmedia&parent=1691"}],"curies":[{"name":"wp","href":"https:\/\/api.w.org\/{rel}","templated":true}]}}