{"id":1516,"date":"2020-05-03T20:22:44","date_gmt":"2020-05-03T17:22:44","guid":{"rendered":"http:\/\/www.opetajateliit.ee\/?page_id=1516"},"modified":"2020-05-11T16:20:33","modified_gmt":"2020-05-11T13:20:33","slug":"kutse-andmise-arhiiv-kuni-12-12-2019","status":"publish","type":"page","link":"https:\/\/opetajateliit.ee\/?page_id=1516","title":{"rendered":"Arhiiv. Kutse andmine  kuni 12.12.2019"},"content":{"rendered":"\n<p><strong>Eelmised ja praeguseks kehtetud  kutsestandardid<\/strong> asuvad lehel <a href=\"https:\/\/www.kutseregister.ee\/et\/standardid\/klassifikaator\/?\">https:\/\/www.kutseregister.ee\/et\/standardid\/klassifikaator\/?<\/a>  Otsingu k\u00e4ik: Kutses\u00fcsteemi klassifikaator &#8211; HARIDUS JA KULTUUR &#8211; \u00d5petamine -\u00d5petaja &#8211; Kehtivuse kaotanud kutsestandardid<\/p>\n\n\n<p><strong>Kutse andmise kord <a href=\"http:\/\/www.opetajateliit.ee\/?attachment_id=1921\" rel=\"attachment wp-att-1921\">opetaja-kutsete-ka-kord-07-11-2016-4<\/a><\/strong><\/p>\n\n\n<p><strong>Eelmised hindamisstandardid <\/strong>leiad siit: <\/p>\n\n\n<p>Meister\u00f5petaja, tase 8 <a href=\"http:\/\/www.opetajateliit.ee\/?attachment_id=1531\" rel=\"attachment wp-att-1531\">Hindamisstandard<\/a><\/p>\n<p>Vanem\u00f5petaja, tase 7 <a href=\"http:\/\/www.opetajateliit.ee\/?attachment_id=1530\" rel=\"attachment wp-att-1530\">Hindamisstandard, vanem\u00f5petaja<\/a><\/p>\n<p>\u00d5petaja, tase 7 <a href=\"http:\/\/www.opetajateliit.ee\/?attachment_id=1529\" rel=\"attachment wp-att-1529\">\u00d5petaja, tase 7 hindamisstandard<\/a><\/p>\n<p>\u00d5petaja, tase 6 <a href=\"http:\/\/www.opetajateliit.ee\/?attachment_id=1528\" rel=\"attachment wp-att-1528\">Hindamisstandard<\/a><\/p>\n\n\n<p><\/p>\n\n\n\n<p><\/p>\n\n\n\n<p><strong>KUTSE ANDMISEGA SEOTUD POSTITUSTE KOOND KODULEHELT<\/strong><\/p>\n\n\n\n<p><\/p>\n\n\n\n<figure class=\"wp-block-embed-wordpress wp-block-embed is-type-wp-embed is-provider-eesti-opetajate-liit\"><div class=\"wp-block-embed__wrapper\">\n<blockquote class=\"wp-embedded-content\" data-secret=\"CEdGe8zwWx\"><a href=\"http:\/\/www.opetajateliit.ee\/?p=2192\">Eesti  \u00d5petajate Liit p\u00e4lvis SA Kutsekoja kvaliteedim\u00e4rgi<\/a><\/blockquote><iframe loading=\"lazy\" title=\"&#8220;Eesti  \u00d5petajate Liit p\u00e4lvis SA Kutsekoja kvaliteedim\u00e4rgi&#8221; &#8212; Eesti \u00d5petajate Liit\" class=\"wp-embedded-content\" sandbox=\"allow-scripts\" security=\"restricted\" style=\"position: absolute; clip: rect(1px, 1px, 1px, 1px);\" src=\"http:\/\/www.opetajateliit.ee\/?p=2192&#038;embed=true#?secret=CEdGe8zwWx\" data-secret=\"CEdGe8zwWx\" width=\"600\" height=\"338\" frameborder=\"0\" marginwidth=\"0\" marginheight=\"0\" scrolling=\"no\"><\/iframe>\n<\/div><\/figure>\n\n\n\n<figure class=\"wp-block-embed-wordpress wp-block-embed is-type-wp-embed is-provider-eesti-opetajate-liit\"><div class=\"wp-block-embed__wrapper\">\n<blockquote class=\"wp-embedded-content\" data-secret=\"CnAQcAG3DY\"><a href=\"http:\/\/www.opetajateliit.ee\/?p=1744\">\u00d5petaja kutse hindajate konkurss<\/a><\/blockquote><iframe loading=\"lazy\" title=\"&#8220;\u00d5petaja kutse hindajate konkurss&#8221; &#8212; Eesti \u00d5petajate Liit\" class=\"wp-embedded-content\" sandbox=\"allow-scripts\" security=\"restricted\" style=\"position: absolute; clip: rect(1px, 1px, 1px, 1px);\" src=\"http:\/\/www.opetajateliit.ee\/?p=1744&#038;embed=true#?secret=CnAQcAG3DY\" data-secret=\"CnAQcAG3DY\" width=\"600\" height=\"338\" frameborder=\"0\" marginwidth=\"0\" marginheight=\"0\" scrolling=\"no\"><\/iframe>\n<\/div><\/figure>\n\n\n\n<figure class=\"wp-block-embed-wordpress wp-block-embed is-type-wp-embed is-provider-eesti-opetajate-liit\"><div class=\"wp-block-embed__wrapper\">\n<blockquote class=\"wp-embedded-content\" data-secret=\"47wfur3Za5\"><a href=\"http:\/\/www.opetajateliit.ee\/?p=1730\">Kutseinfo seminarid<\/a><\/blockquote><iframe loading=\"lazy\" title=\"&#8220;Kutseinfo seminarid&#8221; &#8212; Eesti \u00d5petajate Liit\" class=\"wp-embedded-content\" sandbox=\"allow-scripts\" security=\"restricted\" style=\"position: absolute; clip: rect(1px, 1px, 1px, 1px);\" src=\"http:\/\/www.opetajateliit.ee\/?p=1730&#038;embed=true#?secret=47wfur3Za5\" data-secret=\"47wfur3Za5\" width=\"600\" height=\"338\" frameborder=\"0\" marginwidth=\"0\" marginheight=\"0\" scrolling=\"no\"><\/iframe>\n<\/div><\/figure>\n\n\n<p><blockquote class=\"wp-embedded-content\" data-secret=\"aq0xwO5j4u\"><a href=\"http:\/\/www.opetajateliit.ee\/?p=1438\">Kutse taotlemist tutvustav infop\u00e4ev Tallinnas<\/a><\/blockquote><iframe loading=\"lazy\" title=\"&#8220;Kutse taotlemist tutvustav infop\u00e4ev Tallinnas&#8221; &#8212; Eesti \u00d5petajate Liit\" class=\"wp-embedded-content\" sandbox=\"allow-scripts\" security=\"restricted\" style=\"position: absolute; clip: rect(1px, 1px, 1px, 1px);\" src=\"http:\/\/www.opetajateliit.ee\/?p=1438&#038;embed=true#?secret=aq0xwO5j4u\" data-secret=\"aq0xwO5j4u\" width=\"600\" height=\"338\" frameborder=\"0\" marginwidth=\"0\" marginheight=\"0\" scrolling=\"no\"><\/iframe><\/p>\n\n\n<figure class=\"wp-block-embed-wordpress wp-block-embed is-type-wp-embed is-provider-eesti-opetajate-liit\"><div class=\"wp-block-embed__wrapper\">\n<blockquote class=\"wp-embedded-content\" data-secret=\"IXNZZIxr07\"><a href=\"http:\/\/www.opetajateliit.ee\/?p=1434\">Kutse taotlemist tutvustav infop\u00e4ev Tartus<\/a><\/blockquote><iframe loading=\"lazy\" title=\"&#8220;Kutse taotlemist tutvustav infop\u00e4ev Tartus&#8221; &#8212; Eesti \u00d5petajate Liit\" class=\"wp-embedded-content\" sandbox=\"allow-scripts\" security=\"restricted\" style=\"position: absolute; clip: rect(1px, 1px, 1px, 1px);\" src=\"http:\/\/www.opetajateliit.ee\/?p=1434&#038;embed=true#?secret=IXNZZIxr07\" data-secret=\"IXNZZIxr07\" width=\"600\" height=\"338\" frameborder=\"0\" marginwidth=\"0\" marginheight=\"0\" scrolling=\"no\"><\/iframe>\n<\/div><\/figure>\n\n\n\n<figure class=\"wp-block-embed-wordpress wp-block-embed is-type-wp-embed is-provider-eesti-opetajate-liit\"><div class=\"wp-block-embed__wrapper\">\n<blockquote class=\"wp-embedded-content\" data-secret=\"VU06PCcFN4\"><a href=\"http:\/\/www.opetajateliit.ee\/?p=1344\">Abistavaid viiteid kutse taotlemise ettevalmistamiseks<\/a><\/blockquote><iframe loading=\"lazy\" title=\"&#8220;Abistavaid viiteid kutse taotlemise ettevalmistamiseks&#8221; &#8212; Eesti \u00d5petajate Liit\" class=\"wp-embedded-content\" sandbox=\"allow-scripts\" security=\"restricted\" style=\"position: absolute; clip: rect(1px, 1px, 1px, 1px);\" src=\"http:\/\/www.opetajateliit.ee\/?p=1344&#038;embed=true#?secret=VU06PCcFN4\" data-secret=\"VU06PCcFN4\" width=\"600\" height=\"338\" frameborder=\"0\" marginwidth=\"0\" marginheight=\"0\" scrolling=\"no\"><\/iframe>\n<\/div><\/figure>\n\n\n\n<figure class=\"wp-block-embed-wordpress wp-block-embed is-type-wp-embed is-provider-eesti-opetajate-liit\"><div class=\"wp-block-embed__wrapper\">\n<blockquote class=\"wp-embedded-content\" data-secret=\"sg8fb3aAZk\"><a href=\"http:\/\/www.opetajateliit.ee\/?p=1283\">Kutse taotlemisest<\/a><\/blockquote><iframe loading=\"lazy\" title=\"&#8220;Kutse taotlemisest&#8221; &#8212; Eesti \u00d5petajate Liit\" class=\"wp-embedded-content\" sandbox=\"allow-scripts\" security=\"restricted\" style=\"position: absolute; clip: rect(1px, 1px, 1px, 1px);\" src=\"http:\/\/www.opetajateliit.ee\/?p=1283&#038;embed=true#?secret=sg8fb3aAZk\" data-secret=\"sg8fb3aAZk\" width=\"600\" height=\"338\" frameborder=\"0\" marginwidth=\"0\" marginheight=\"0\" scrolling=\"no\"><\/iframe>\n<\/div><\/figure>\n\n\n\n<figure class=\"wp-block-embed-wordpress wp-block-embed is-type-wp-embed is-provider-eesti-opetajate-liit\"><div class=\"wp-block-embed__wrapper\">\n<blockquote class=\"wp-embedded-content\" data-secret=\"YbQD3ZSLg6\"><a href=\"http:\/\/www.opetajateliit.ee\/?p=1240\">\u00d5petajate palgal\u00e4bir\u00e4\u00e4kimistel  keskenduti sisule<\/a><\/blockquote><iframe loading=\"lazy\" title=\"&#8220;\u00d5petajate palgal\u00e4bir\u00e4\u00e4kimistel  keskenduti sisule&#8221; &#8212; Eesti \u00d5petajate Liit\" class=\"wp-embedded-content\" sandbox=\"allow-scripts\" security=\"restricted\" style=\"position: absolute; clip: rect(1px, 1px, 1px, 1px);\" src=\"http:\/\/www.opetajateliit.ee\/?p=1240&#038;embed=true#?secret=YbQD3ZSLg6\" data-secret=\"YbQD3ZSLg6\" width=\"600\" height=\"338\" frameborder=\"0\" marginwidth=\"0\" marginheight=\"0\" scrolling=\"no\"><\/iframe>\n<\/div><\/figure>\n\n\n\n<figure class=\"wp-block-embed-wordpress wp-block-embed is-type-wp-embed is-provider-eesti-opetajate-liit\"><div class=\"wp-block-embed__wrapper\">\n<blockquote class=\"wp-embedded-content\" data-secret=\"LnOKsvdbat\"><a href=\"http:\/\/www.opetajateliit.ee\/?p=1230\">Eesti \u00d5petajate Liit valiti taas kutse andjaks<\/a><\/blockquote><iframe loading=\"lazy\" title=\"&#8220;Eesti \u00d5petajate Liit valiti taas kutse andjaks&#8221; &#8212; Eesti \u00d5petajate Liit\" class=\"wp-embedded-content\" sandbox=\"allow-scripts\" security=\"restricted\" style=\"position: absolute; clip: rect(1px, 1px, 1px, 1px);\" src=\"http:\/\/www.opetajateliit.ee\/?p=1230&#038;embed=true#?secret=LnOKsvdbat\" data-secret=\"LnOKsvdbat\" width=\"600\" height=\"338\" frameborder=\"0\" marginwidth=\"0\" marginheight=\"0\" scrolling=\"no\"><\/iframe>\n<\/div><\/figure>\n\n\n\n<p><strong>\u00d5PETAJA KUTSE TAOTLEMISE HINDAJATE KONKURSS<\/strong><\/p>\n\n\n\n<p>Eesti \u00d5petajate Liit kuulutab v\u00e4lja konkursi hindajate leidmiseks kutsete<br \/><a href=\"http:\/\/www.kutsekoda.ee\/et\/kutseregister\/kutsestandardid\/10494558\/pdf\/opetaja-tase-7.5.et.pdf\" target=\"_blank\" rel=\"noreferrer noopener\">\u00f5petaja, tase 7<\/a>&nbsp;ja&nbsp;<a href=\"http:\/\/http\/\/www.kutsekoda.ee\/et\/kutseregister\/kutsestandardid\/10494582\/pdf\/vanemopetaja-tase-7.2.et.pdf\" target=\"_blank\" rel=\"noreferrer noopener\">vanem\u00f5petaja, tase 7<\/a>&nbsp;taotlemisel.<\/p>\n\n\n\n<p>Hindaja \u00fclesanneteks on:<br \/>\u2013 hinnata kutsetaotlejate kompetentside vastavust kutsestandardile,<br \/>\u2013 anda hinnang enda kompetentsidele tuginedes,<br \/>\u2013 olla erapooletu,<br \/>\u2013 vajadusel k\u00fclastada, vaadelda kutsetaotleja tunde,<br \/>\u2013 anda tagasisidet,<br \/>\u2013 n\u00f5ustada taotlejaid.<\/p>\n\n\n\n<p>Hindaja peab olema:<br \/>\u2013 tugeva praktilise pedagoogika kogemusega,<br \/>\u2013 hea enesev\u00e4ljendusoskusega,<br \/>\u2013 n\u00e4idanud \u00fcles head otsustusv\u00f5imet,<br \/>\u2013<a href=\"http:\/\/www.kutsekoda.ee\/et\/kutseregister\/kutsestandardid\/10494617\/pdf\/meisteropetaja-tase-8.1.et.pdf\" target=\"_blank\" rel=\"noreferrer noopener\">&nbsp;meister\u00f5petaja, tase 8<\/a>&nbsp;kompetentsidega,<br \/>\u2013 valmis hindajate regulaarseks koolitusteks,<\/p>\n\n\n\n<p>Kui Sul on soov panustada eesti \u00f5petajate professionaalsuse arendamisse,<br \/>tule osale \u00f5petaja, tase 7 ja vanem\u00f5petaja, tase 7 hindaja konkursil ja saada<\/p>\n\n\n\n<p>1) oma CV ja motivatsioonikiri,<br \/>2) kaks soovituskirja, mis kinnitavad Sinu senist tegevust n\u00f5ustaja, otsustaja v\u00f5i<br \/>teiste t\u00f6\u00f6 hindajana e-posti aadressil: eestiopetajateliit@gmail.com hiljemalt 26. jaanuariks 2014.<\/p>\n\n\n\n<figure class=\"wp-block-embed-wordpress wp-block-embed is-type-wp-embed is-provider-eesti-opetajate-liit\"><div class=\"wp-block-embed__wrapper\">\n<blockquote class=\"wp-embedded-content\" data-secret=\"M7ozD6pGvV\"><a href=\"http:\/\/www.opetajateliit.ee\/?p=1131\">\u00d5petaja kutse kvalifikatsiooniraamistikus<\/a><\/blockquote><iframe loading=\"lazy\" title=\"&#8220;\u00d5petaja kutse kvalifikatsiooniraamistikus&#8221; &#8212; Eesti \u00d5petajate Liit\" class=\"wp-embedded-content\" sandbox=\"allow-scripts\" security=\"restricted\" style=\"position: absolute; clip: rect(1px, 1px, 1px, 1px);\" src=\"http:\/\/www.opetajateliit.ee\/?p=1131&#038;embed=true#?secret=M7ozD6pGvV\" data-secret=\"M7ozD6pGvV\" width=\"600\" height=\"338\" frameborder=\"0\" marginwidth=\"0\" marginheight=\"0\" scrolling=\"no\"><\/iframe>\n<\/div><\/figure>\n\n\n\n<figure class=\"wp-block-embed-wordpress wp-block-embed is-type-wp-embed is-provider-eesti-opetajate-liit\"><div class=\"wp-block-embed__wrapper\">\n<blockquote class=\"wp-embedded-content\" data-secret=\"ik8HIggK0S\"><a href=\"http:\/\/www.opetajateliit.ee\/?p=1033\">\u00d5petaja kutse andja<\/a><\/blockquote><iframe loading=\"lazy\" title=\"&#8220;\u00d5petaja kutse andja&#8221; &#8212; Eesti \u00d5petajate Liit\" class=\"wp-embedded-content\" sandbox=\"allow-scripts\" security=\"restricted\" style=\"position: absolute; clip: rect(1px, 1px, 1px, 1px);\" src=\"http:\/\/www.opetajateliit.ee\/?p=1033&#038;embed=true#?secret=ik8HIggK0S\" data-secret=\"ik8HIggK0S\" width=\"600\" height=\"338\" frameborder=\"0\" marginwidth=\"0\" marginheight=\"0\" scrolling=\"no\"><\/iframe>\n<\/div><\/figure>\n\n\n\n<figure class=\"wp-block-embed-wordpress wp-block-embed is-type-wp-embed is-provider-eesti-opetajate-liit\"><div class=\"wp-block-embed__wrapper\">\n<blockquote class=\"wp-embedded-content\" data-secret=\"mwOOSxWDaR\"><a href=\"http:\/\/www.opetajateliit.ee\/?p=886\">M\u00f5tisklusi uue kooliaasta valguses<\/a><\/blockquote><iframe loading=\"lazy\" title=\"&#8220;M\u00f5tisklusi uue kooliaasta valguses&#8221; &#8212; Eesti \u00d5petajate Liit\" class=\"wp-embedded-content\" sandbox=\"allow-scripts\" security=\"restricted\" style=\"position: absolute; clip: rect(1px, 1px, 1px, 1px);\" src=\"http:\/\/www.opetajateliit.ee\/?p=886&#038;embed=true#?secret=mwOOSxWDaR\" data-secret=\"mwOOSxWDaR\" width=\"600\" height=\"338\" frameborder=\"0\" marginwidth=\"0\" marginheight=\"0\" scrolling=\"no\"><\/iframe>\n<\/div><\/figure>\n\n\n\n<figure class=\"wp-block-embed-wordpress wp-block-embed is-type-wp-embed is-provider-eesti-opetajate-liit\"><div class=\"wp-block-embed__wrapper\">\n<blockquote class=\"wp-embedded-content\" data-secret=\"GJAsxDAMdd\"><a href=\"http:\/\/www.opetajateliit.ee\/?p=839\">Pressiteade<\/a><\/blockquote><iframe loading=\"lazy\" title=\"&#8220;Pressiteade&#8221; &#8212; Eesti \u00d5petajate Liit\" class=\"wp-embedded-content\" sandbox=\"allow-scripts\" security=\"restricted\" style=\"position: absolute; clip: rect(1px, 1px, 1px, 1px);\" src=\"http:\/\/www.opetajateliit.ee\/?p=839&#038;embed=true#?secret=GJAsxDAMdd\" data-secret=\"GJAsxDAMdd\" width=\"600\" height=\"338\" frameborder=\"0\" marginwidth=\"0\" marginheight=\"0\" scrolling=\"no\"><\/iframe>\n<\/div><\/figure>\n\n\n\n<figure class=\"wp-block-embed-wordpress wp-block-embed is-type-wp-embed is-provider-eesti-opetajate-liit\"><div class=\"wp-block-embed__wrapper\">\n<blockquote class=\"wp-embedded-content\" data-secret=\"kjJxg6TETz\"><a href=\"http:\/\/www.opetajateliit.ee\/?p=833\">L\u00fchiinfo \u00f5petaja kutsestandardi hetkeseisust<\/a><\/blockquote><iframe loading=\"lazy\" title=\"&#8220;L\u00fchiinfo \u00f5petaja kutsestandardi hetkeseisust&#8221; &#8212; Eesti \u00d5petajate Liit\" class=\"wp-embedded-content\" sandbox=\"allow-scripts\" security=\"restricted\" style=\"position: absolute; clip: rect(1px, 1px, 1px, 1px);\" src=\"http:\/\/www.opetajateliit.ee\/?p=833&#038;embed=true#?secret=kjJxg6TETz\" data-secret=\"kjJxg6TETz\" width=\"600\" height=\"338\" frameborder=\"0\" marginwidth=\"0\" marginheight=\"0\" scrolling=\"no\"><\/iframe>\n<\/div><\/figure>\n\n\n\n<figure class=\"wp-block-embed-wordpress wp-block-embed is-type-wp-embed is-provider-eesti-opetajate-liit\"><div class=\"wp-block-embed__wrapper\">\n<blockquote class=\"wp-embedded-content\" data-secret=\"iXTZi9ufwN\"><a href=\"http:\/\/www.opetajateliit.ee\/?p=837\">Korduma kippuvad k\u00fcsimused \u00f5petaja kutsestandardi kohta<\/a><\/blockquote><iframe loading=\"lazy\" title=\"&#8220;Korduma kippuvad k\u00fcsimused \u00f5petaja kutsestandardi kohta&#8221; &#8212; Eesti \u00d5petajate Liit\" class=\"wp-embedded-content\" sandbox=\"allow-scripts\" security=\"restricted\" style=\"position: absolute; clip: rect(1px, 1px, 1px, 1px);\" src=\"http:\/\/www.opetajateliit.ee\/?p=837&#038;embed=true#?secret=iXTZi9ufwN\" data-secret=\"iXTZi9ufwN\" width=\"600\" height=\"338\" frameborder=\"0\" marginwidth=\"0\" marginheight=\"0\" scrolling=\"no\"><\/iframe>\n<\/div><\/figure>\n\n\n\n<p><\/p>\n","protected":false},"excerpt":{"rendered":"<p>Eelmised ja praeguseks kehtetud kutsestandardid asuvad lehel https:\/\/www.kutseregister.ee\/et\/standardid\/klassifikaator\/? Otsingu k\u00e4ik: Kutses\u00fcsteemi klassifikaator &#8211; HARIDUS JA KULTUUR &#8211; \u00d5petamine -\u00d5petaja &#8211; Kehtivuse kaotanud kutsestandardid Kutse andmise kord opetaja-kutsete-ka-kord-07-11-2016-4 Eelmised hindamisstandardid leiad siit: Meister\u00f5petaja, tase 8 Hindamisstandard Vanem\u00f5petaja, tase 7 Hindamisstandard, vanem\u00f5petaja \u00d5petaja, tase 7 \u00d5petaja, tase 7 hindamisstandard \u00d5petaja, tase 6 Hindamisstandard KUTSE ANDMISEGA SEOTUD POSTITUSTE KOOND KODULEHELT Kutse taotlemist tutvustav<\/p>\n","protected":false},"author":5,"featured_media":0,"parent":1445,"menu_order":8,"comment_status":"closed","ping_status":"closed","template":"","meta":{"footnotes":""},"class_list":["post-1516","page","type-page","status-publish","hentry"],"_links":{"self":[{"href":"https:\/\/opetajateliit.ee\/index.php?rest_route=\/wp\/v2\/pages\/1516","targetHints":{"allow":["GET"]}}],"collection":[{"href":"https:\/\/opetajateliit.ee\/index.php?rest_route=\/wp\/v2\/pages"}],"about":[{"href":"https:\/\/opetajateliit.ee\/index.php?rest_route=\/wp\/v2\/types\/page"}],"author":[{"embeddable":true,"href":"https:\/\/opetajateliit.ee\/index.php?rest_route=\/wp\/v2\/users\/5"}],"replies":[{"embeddable":true,"href":"https:\/\/opetajateliit.ee\/index.php?rest_route=%2Fwp%2Fv2%2Fcomments&post=1516"}],"version-history":[{"count":5,"href":"https:\/\/opetajateliit.ee\/index.php?rest_route=\/wp\/v2\/pages\/1516\/revisions"}],"predecessor-version":[{"id":2558,"href":"https:\/\/opetajateliit.ee\/index.php?rest_route=\/wp\/v2\/pages\/1516\/revisions\/2558"}],"up":[{"embeddable":true,"href":"https:\/\/opetajateliit.ee\/index.php?rest_route=\/wp\/v2\/pages\/1445"}],"wp:attachment":[{"href":"https:\/\/opetajateliit.ee\/index.php?rest_route=%2Fwp%2Fv2%2Fmedia&parent=1516"}],"curies":[{"name":"wp","href":"https:\/\/api.w.org\/{rel}","templated":true}]}}