{"id":1445,"date":"2015-01-24T00:22:38","date_gmt":"2015-01-23T21:22:38","guid":{"rendered":"http:\/\/www.opetajateliit.ee\/?page_id=1445"},"modified":"2026-01-07T20:19:54","modified_gmt":"2026-01-07T17:19:54","slug":"opetaja-kutse","status":"publish","type":"page","link":"https:\/\/opetajateliit.ee\/?page_id=1445","title":{"rendered":"\u00d5PETAJA KUTSE TAOTLEMINE"},"content":{"rendered":"<p style=\"font-weight: 400;\"><strong>\u00a0<\/strong><\/p>\n<p style=\"font-weight: 400;\"><strong>Kutse taotlemine<\/strong><\/p>\n<p style=\"font-weight: 400;\"><strong>Taotlusi on v\u00f5imalik esitada kaks korda aastas:<\/strong>\u00a0<strong>5. veebruariks\u00a0ja\u00a05. oktoobriks.<\/strong><\/p>\n<p style=\"font-weight: 400;\">Kui see kuup\u00e4ev langeb kokku n\u00e4dalavahetusega, siis on dokumentide esitamise viimane kuup\u00e4ev viiendale kuup\u00e4evale j\u00e4rgnev t\u00f6\u00f6p\u00e4ev.<\/p>\n<p style=\"font-weight: 400;\">Kutse taotlemine toimub kahes osas:<\/p>\n<p><strong>1.Dokumentide n\u00f5uetekohane esitamine.<\/strong><br \/>\n<strong>2<\/strong>.\u00a0<strong>Hindamine, mis toimub kahes etapis:<\/strong><br \/>\na) esitatud dokumentide p\u00f5hjal,<br \/>\nb) vestluse k\u00e4igus, mille aeg lepitakse eraldi kokku peale esimest etappi.<\/p>\n<p style=\"font-weight: 400;\">Hindamist viib l\u00e4bi 3-liikmeline hindamiskomisjon, kes teeb ettepaneku kutsekomisjonile, kes teeb otsuse kutse andmise kohta.<\/p>\n<p style=\"font-weight: 400;\"><strong>\u00a0<\/strong><\/p>\n<p style=\"font-weight: 400;\"><strong>N\u00f5uded kutse taotlemisel:<\/strong><\/p>\n<ol>\n<li style=\"font-weight: 400;\">V\u00e4hemalt \u00fche aasta pikkune t\u00f6\u00f6kogemus \u00f5petajana.<\/li>\n<li style=\"font-weight: 400;\">Magistrikraad v\u00f5i sellega v\u00f5rdsustatud haridustase*<\/li>\n<li style=\"font-weight: 400;\">Taotletava kutse kompetentsusn\u00f5uetega seotud eneset\u00e4iendus<\/li>\n<li style=\"font-weight: 400;\">Eesti keele oskus vastavalt keeleseadusele ja selle alusel kehtestatud n\u00f5uetele<\/li>\n<\/ol>\n<p style=\"font-weight: 400;\">*erandid l\u00e4htuvalt kvalifikatsioonim\u00e4\u00e4ruse rakenduss\u00e4tetes<\/p>\n<p style=\"font-weight: 400;\"><strong>\u00a0<\/strong><\/p>\n<p style=\"font-weight: 400;\"><strong>Uued kutsestandardid:<\/strong><\/p>\n<p style=\"font-weight: 400;\"><a href=\"https:\/\/www.kutseregister.ee\/ctrl\/et\/Standardid\/vaata\/11413152\"><strong>\u00f5petaja, tase 5<\/strong><\/a><\/p>\n<p style=\"font-weight: 400;\"><a href=\"https:\/\/www.kutseregister.ee\/ctrl\/et\/Standardid\/vaata\/11466888\"><strong>\u00f5petaja, tase 6<\/strong><\/a><\/p>\n<p style=\"font-weight: 400;\"><a href=\"https:\/\/www.kutseregister.ee\/ctrl\/et\/Standardid\/vaata\/11466908\"><strong>\u00f5petaja, tase 7<\/strong><\/a><\/p>\n<p style=\"font-weight: 400;\"><a href=\"https:\/\/www.kutseregister.ee\/ctrl\/et\/Standardid\/vaata\/11468431\"><strong>vanem\u00f5petaja, tase 7<\/strong><\/a><\/p>\n<p style=\"font-weight: 400;\"><a href=\"https:\/\/www.kutseregister.ee\/ctrl\/et\/Standardid\/vaata\/11468456\"><strong>meister\u00f5petaja, tase 8<\/strong><\/a><\/p>\n<p style=\"font-weight: 400;\"><strong>\u00a0<\/strong><\/p>\n<p style=\"font-weight: 400;\"><strong>\u00d5petaja kutse taotlemiseks esitatavad dokumendid:<\/strong><\/p>\n<p style=\"font-weight: 400;\">1) kutse andja kinnitatud vormil <a href=\"https:\/\/opetajateliit.ee\/?attachment_id=3277\" rel=\"attachment wp-att-3277\">\u00d5petaja kutse taotlemise avaldus<\/a><\/p>\n<p style=\"font-weight: 400;\">2) isikut t\u00f5endava dokumendi (pass v\u00f5i ID kaart) koopia;<\/p>\n<p style=\"font-weight: 400;\">3) haridust t\u00f5endavad dokumendid:<\/p>\n<p style=\"font-weight: 400;\"><em>\u00d5petaja, tase 5<\/em>\u00a0&#8211; keskharidust (v\u00f5i sellega v\u00f5rdsustatud haridustaset) ja eesti keele oskust t\u00f5endava(te) dokumendi(dokumentide) koopia(d);<\/p>\n<p style=\"font-weight: 400;\"><em>\u00d5petaja, tase 6<\/em>\u00a0&#8211; haridust (bakalaureusekraad v\u00f5i sellega v\u00f5rdsustatud haridustase) ja eesti keele oskust t\u00f5endava(te) dokumendi(dokumentide) koopia(d);<\/p>\n<p style=\"font-weight: 400;\"><em>\u00f5petaja, tase 7 \/ vanem\u00f5petaja, tase 7 \/ meister\u00f5petaja, tase 8<\/em>\u00a0&#8211; haridust (magistrikraad v\u00f5i sellega v\u00f5rdsustatud haridustase) ja eesti keele oskust t\u00f5endava(te) dokumendi(dokumentide) koopia(d);<\/p>\n<p style=\"font-weight: 400;\">4)\u00a0<em>\u00f5petaja, tase 5 ja \u00f5petaja, tase 6<\/em>\u00a0&#8211; v\u00e4hemalt \u00fche \u00f5ppeaasta pikkuse, pedagoogilisi kompetentse eeldavate t\u00f6\u00f6\u00fclesannete t\u00e4itmise kogemust t\u00f5endavad dokumendid, nt v\u00e4ljav\u00f5te riiklikust andmekogust (nt EHIS) \/<\/p>\n<p style=\"font-weight: 400;\"><em>alates \u00f5petaja, tase 7<\/em>\u00a0&#8211; v\u00e4hemalt \u00fche \u00f5ppeaasta pikkuse \u00f5petajana t\u00f6\u00f6tamise kogemust t\u00f5endav v\u00e4ljav\u00f5te riiklikust andmekogust (nt EHIS);<\/p>\n<p style=\"font-weight: 400;\">5) CV;<\/p>\n<p style=\"font-weight: 400;\">6) alates\u00a0<em>\u00f5petaja, tase 6<\/em>\u00a0&#8211; taotletava kutse kompetentsusn\u00f5uetega seotud eneset\u00e4iendust t\u00f5endavate dokumentide koopiad ja\/v\u00f5i v\u00e4ljav\u00f5tted asjakohastest andmekogudest;<\/p>\n<p style=\"font-weight: 400;\">7) \u00a0kohustuslike kompetentside jaotusega e-portfoolio, mis sisaldab kutsestandardis kirjeldatud<\/p>\n<p style=\"font-weight: 400;\">kompetentsidele tuginevat kutsealase tegevuse eneseanal\u00fc\u00fcsi ja k\u00f5ikide tegevusn\u00e4itajate kohta t\u00f5endusmaterjale;<\/p>\n<p style=\"font-weight: 400;\">8) maksekorraldus v\u00f5i muu kinnitus kutse andmisega seotud kulude tasumise kohta.<\/p>\n<p style=\"font-weight: 400;\"><strong>NB!\u00a0<\/strong>K\u00f5ik \u00fclalloetletud dokumendid tuleb saata kutsekoordinaatorile allkirjastatud digikonteineris aadressil<strong>\u00a0<a href=\"mailto:kutsekoordinaator@gmail.com\">kutsekoordinaator@gmail.com<\/a><\/strong><\/p>\n<p style=\"font-weight: 400;\"><strong>\u00a0<\/strong><\/p>\n<p style=\"font-weight: 400;\"><strong>Kutseeksami tasu<\/strong>\u00a0alates 01.09.2025<\/p>\n<p style=\"font-weight: 400;\">\u00d5petaja, tase 5 \u2013 185 eurot<\/p>\n<p style=\"font-weight: 400;\">\u00d5petaja, tase 6 \u2013 210 eurot<\/p>\n<p style=\"font-weight: 400;\">\u00d5petaja, tase 7 \u2013 210 eurot<\/p>\n<p style=\"font-weight: 400;\">Vanem\u00f5petaja, tase 7\u00a0 \u2013 230 eurot, taast\u00f5endamine 115<\/p>\n<p style=\"font-weight: 400;\">Meister\u00f5petaja, tase 8 \u2013 266 eurot, taast\u00f5endamine 130<\/p>\n<p style=\"font-weight: 400;\">Taotleja kannab selle summa Eesti \u00d5petajate Liidu arvelduskontole EE171010220256325228 (SEB), selgitusse m\u00e4rkida \u201cKutse taotlemine + taseme nimetus\u201d\u00a0 Kui kutsetaotleja soovib arvet, siis ta teavitab sellest kutseandjat e-posti aadressil\u00a0<a href=\"mailto:eestiopetajateliit@gmail.com\">eestiopetajateliit@gmail.com<\/a>\u00a0ja maksab tasu p\u00e4rast arve saamist.<\/p>\n<p style=\"font-weight: 400;\"><strong>Selgitus kutse andmisega seotud kulude arvestamise ja tasumise kohta<\/strong><\/p>\n<p style=\"font-weight: 400;\">Vastavalt kutseseadusele kalkuleerib kutse andja kutse taotlemise ja taast\u00f5endamisega seotud tasu suuruse ja see kinnitatakse kutsen\u00f5ukogu poolt. ( vt ka\u00a0<a href=\"https:\/\/kutsekoda.ee\/kutse-andmise-tasu\/\" target=\"_blank\" rel=\"noopener noreferrer\">\u00a0Kutsekoja veebilehelt)<\/a><\/p>\n<p style=\"font-weight: 400;\"><strong>Kalkulatsiooni koostamise alused ja kulude katmise arvestamine on kajastatud\u00a0<\/strong><a href=\"http:\/\/www.riigiteataja.ee\/akt\/12974050?leiaKehtiv\" data-saferedirecturl=\"https:\/\/www.google.com\/url?q=http:\/\/www.riigiteataja.ee\/akt\/12974050?leiaKehtiv&amp;source=gmail&amp;ust=1752031815312000&amp;usg=AOvVaw3luTUa8ijtM_ZyUuSBb65d\"><strong>\u00a0kutseseaduses<\/strong><\/a><strong>.<\/strong><\/p>\n<p>&nbsp;<\/p>\n<p><strong>\u00d5PETAJA KUTSE TAOTLEMISEST<\/strong><\/p>\n<p><img loading=\"lazy\" decoding=\"async\" class=\"alignleft size-full wp-image-2193\" src=\"http:\/\/www.opetajateliit.ee\/wp-content\/uploads\/2017\/12\/Kutse.jpg\" alt=\"\" width=\"181\" height=\"289\" \/><\/p>\n<p>21. sajandi muutuv kool, elukestev \u00f5pe ja pidev arenguvajadus on oma v\u00e4ljakutsetega osa<br \/>\nt\u00e4nase ja tulevase \u00f5petaja igap\u00e4evaelust. \u00d5petaja professionaalse arengu toetamiseks on loodud kutsestandardid. Kutsestandard on \u00f5petajale kasulik:<\/p>\n<p>a) eneseanal\u00fc\u00fcsiks,<br \/>\nb) <strong>koolitusvajaduste<\/strong> v\u00e4ljaselgitamiseks,<br \/>\nc) omandatud kompetentside v\u00e4\u00e4rtustamiseks ning karj\u00e4\u00e4ri planeerimiseks<\/p>\n<p>Hariduse Kutsen\u00f5ukogu otsusega nr 12 (27.11.2103) sai Eesti \u00d5petajate Liit kutse andmise \u00f5iguse kutsetele \u00f5petaja, tase 7\u00a0 ja vanem\u00f5petaja, tase 7<\/p>\n<p>Otsusega nr 14 (22.05.2014) sai E\u00d5L kutse andmise \u00f5iguse ka kutsetele \u00f5petaja, tase 6\u00a0 ja meister\u00f5petaja, tase 8<strong><br \/>\n<\/strong><\/p>\n<p>(Kutses\u00fcsteemist \u00fcldisemalt saab lugeda<a href=\"http:\/\/www.kutsekoda.ee\/et\/kutsesysteem\" target=\"_blank\" rel=\"noopener noreferrer\"> http:\/\/www.kutsekoda.ee\/et\/kutsesysteem<\/a>)<\/p>\n<p>Hariduse Kutsn\u00f5ukogu otsusega nr 18 (07..11.2018) sai E\u00d5L \u00f5iguse kutse andmist j\u00e4tkata. Otsusega nr 20 (17.04.2019 kinnitas Hariduse Kutsen\u00f5ukogu \u00f5petaja, tase 6, \u00f5petaja, tase 7, vanem\u00f5petaja, tase 7 ja meister\u00f5petaja , tase 8 uuendatud kutsestandardid, mis hakkasid kehtima 01.01.2020 ja kehtivad kuni 31.12.2024.<\/p>\n<p><strong>Hariduse Kutsen\u00f5ukogu 25.10.2023 toimunud koosoleku otsusega nr 34 kuulutati \u00f5petaja kutsete kutse andja avaliku konkursi v\u00f5itjaks uuesti Eesti \u00d5petajate Liit.<a href=\"https:\/\/www.kutseregister.ee\/ctrl\/et\/KAO\/vaata\/10499005\" data-type=\"URL\" data-id=\"https:\/\/www.kutseregister.ee\/ctrl\/et\/KAO\/vaata\/10499005\">\u00a0https:\/\/www.kutseregister.ee\/ctrl\/et\/KAO\/vaata\/10499005<\/a><\/strong><\/p>\n<p><strong>Lisainfo kutse teemadel: e-post kutsekoordinaator@gmail.com ja tel +372 56849496<\/strong><\/p>\n","protected":false},"excerpt":{"rendered":"<p>\u00a0 Kutse taotlemine Taotlusi on v\u00f5imalik esitada kaks korda aastas:\u00a05. veebruariks\u00a0ja\u00a05. oktoobriks. Kui see kuup\u00e4ev langeb kokku n\u00e4dalavahetusega, siis on dokumentide esitamise viimane kuup\u00e4ev viiendale kuup\u00e4evale j\u00e4rgnev t\u00f6\u00f6p\u00e4ev. Kutse taotlemine toimub kahes osas: 1.Dokumentide n\u00f5uetekohane esitamine. 2.\u00a0Hindamine, mis toimub kahes etapis: a) esitatud dokumentide p\u00f5hjal, b) vestluse k\u00e4igus, mille aeg lepitakse eraldi kokku peale esimest etappi. Hindamist viib l\u00e4bi 3-liikmeline<\/p>\n","protected":false},"author":5,"featured_media":0,"parent":0,"menu_order":4,"comment_status":"closed","ping_status":"closed","template":"","meta":{"footnotes":""},"class_list":["post-1445","page","type-page","status-publish","hentry"],"_links":{"self":[{"href":"https:\/\/opetajateliit.ee\/index.php?rest_route=\/wp\/v2\/pages\/1445","targetHints":{"allow":["GET"]}}],"collection":[{"href":"https:\/\/opetajateliit.ee\/index.php?rest_route=\/wp\/v2\/pages"}],"about":[{"href":"https:\/\/opetajateliit.ee\/index.php?rest_route=\/wp\/v2\/types\/page"}],"author":[{"embeddable":true,"href":"https:\/\/opetajateliit.ee\/index.php?rest_route=\/wp\/v2\/users\/5"}],"replies":[{"embeddable":true,"href":"https:\/\/opetajateliit.ee\/index.php?rest_route=%2Fwp%2Fv2%2Fcomments&post=1445"}],"version-history":[{"count":34,"href":"https:\/\/opetajateliit.ee\/index.php?rest_route=\/wp\/v2\/pages\/1445\/revisions"}],"predecessor-version":[{"id":3341,"href":"https:\/\/opetajateliit.ee\/index.php?rest_route=\/wp\/v2\/pages\/1445\/revisions\/3341"}],"wp:attachment":[{"href":"https:\/\/opetajateliit.ee\/index.php?rest_route=%2Fwp%2Fv2%2Fmedia&parent=1445"}],"curies":[{"name":"wp","href":"https:\/\/api.w.org\/{rel}","templated":true}]}}