{"id":1136,"date":"2014-01-02T17:18:37","date_gmt":"2014-01-02T14:18:37","guid":{"rendered":"http:\/\/www.opetajateliit.ee\/?page_id=1136"},"modified":"2025-07-11T12:02:52","modified_gmt":"2025-07-11T09:02:52","slug":"kutsekomisjoni-liikmed","status":"publish","type":"page","link":"https:\/\/opetajateliit.ee\/?page_id=1136","title":{"rendered":"Kutsekomisjon"},"content":{"rendered":"<p>Vastavalt <a href=\"https:\/\/www.riigiteataja.ee\/akt\/12974050?leiaKehtiv\" target=\"_blank\" rel=\"noopener noreferrer\">Kutseseadusele<\/a>&nbsp;kinnitab kutsekomisjoni liikmed <a href=\"https:\/\/www.kutsekoda.ee\/et\/kutseregister\/kutsenoukogud\/10586052\" target=\"_blank\" rel=\"noopener noreferrer\">kutsen\u00f5ukogu.<\/a><\/p>\n<p><strong>Kutsekomisjoni liikmed:<\/strong><\/p>\n<ol>\n<li><strong>Robert Lippin<\/strong>, Eesti Linnade ja Valdade Liit<\/li>\n<li><strong>Diana Leenurm<\/strong>, Eesti Koolijuhtide \u00dchendus<\/li>\n<li><strong style=\"font-size: 0.95em;\">Ene K\u00fclanurm, <\/strong>Eesti Haridust\u00f6\u00f6tajate Liit<\/li>\n<li><strong style=\"font-size: 0.95em;\">Evelyn Neudorf<\/strong><span style=\"font-size: 0.95em;\">, Eesti Lasteaednike Liit<\/span><\/li>\n<li><strong>Heily Raska<\/strong>, Tartu \u00dclikool<\/li>\n<li><strong style=\"font-size: 0.95em;\">Kristiine Vahtram\u00e4e<\/strong><span style=\"font-size: 0.95em;\">, Eesti Lastevanemate Liit<\/span><\/li>\n<li><strong style=\"font-size: 0.95em;\">Margit Timakov<\/strong><span style=\"font-size: 0.95em;\">, Eesti \u00d5petajate Liit<\/span><\/li>\n<li><strong style=\"font-size: 0.95em;\">Taavi Kreitsmann, <\/strong>Haridus-ja Teadusministeerium<\/li>\n<li><strong>Tiina Anspal<\/strong>, Tallinna \u00dclikool<\/li>\n<li><strong>Urmas Heinaste<\/strong>, Eesti \u00d5petajate \u00dchenduste Koost\u00f6\u00f6koda<\/li>\n<\/ol>\n\n\n<h2 class=\"wp-block-heading\"><\/h2>\n","protected":false},"excerpt":{"rendered":"<p>Vastavalt Kutseseadusele&nbsp;kinnitab kutsekomisjoni liikmed kutsen\u00f5ukogu. Kutsekomisjoni liikmed: Robert Lippin, Eesti Linnade ja Valdade Liit Diana Leenurm, Eesti Koolijuhtide \u00dchendus Ene K\u00fclanurm, Eesti Haridust\u00f6\u00f6tajate Liit Evelyn Neudorf, Eesti Lasteaednike Liit Heily Raska, Tartu \u00dclikool Kristiine Vahtram\u00e4e, Eesti Lastevanemate Liit Margit Timakov, Eesti \u00d5petajate Liit Taavi Kreitsmann, Haridus-ja Teadusministeerium Tiina Anspal, Tallinna \u00dclikool Urmas Heinaste, Eesti \u00d5petajate \u00dchenduste Koost\u00f6\u00f6koda<\/p>\n","protected":false},"author":5,"featured_media":0,"parent":1445,"menu_order":5,"comment_status":"closed","ping_status":"closed","template":"","meta":{"footnotes":""},"class_list":["post-1136","page","type-page","status-publish","hentry"],"_links":{"self":[{"href":"https:\/\/opetajateliit.ee\/index.php?rest_route=\/wp\/v2\/pages\/1136","targetHints":{"allow":["GET"]}}],"collection":[{"href":"https:\/\/opetajateliit.ee\/index.php?rest_route=\/wp\/v2\/pages"}],"about":[{"href":"https:\/\/opetajateliit.ee\/index.php?rest_route=\/wp\/v2\/types\/page"}],"author":[{"embeddable":true,"href":"https:\/\/opetajateliit.ee\/index.php?rest_route=\/wp\/v2\/users\/5"}],"replies":[{"embeddable":true,"href":"https:\/\/opetajateliit.ee\/index.php?rest_route=%2Fwp%2Fv2%2Fcomments&post=1136"}],"version-history":[{"count":18,"href":"https:\/\/opetajateliit.ee\/index.php?rest_route=\/wp\/v2\/pages\/1136\/revisions"}],"predecessor-version":[{"id":3222,"href":"https:\/\/opetajateliit.ee\/index.php?rest_route=\/wp\/v2\/pages\/1136\/revisions\/3222"}],"up":[{"embeddable":true,"href":"https:\/\/opetajateliit.ee\/index.php?rest_route=\/wp\/v2\/pages\/1445"}],"wp:attachment":[{"href":"https:\/\/opetajateliit.ee\/index.php?rest_route=%2Fwp%2Fv2%2Fmedia&parent=1136"}],"curies":[{"name":"wp","href":"https:\/\/api.w.org\/{rel}","templated":true}]}}