{"id":1002,"date":"2013-11-29T16:42:48","date_gmt":"2013-11-29T13:42:48","guid":{"rendered":"http:\/\/www.opetajateliit.ee\/?page_id=1002"},"modified":"2021-02-06T12:18:07","modified_gmt":"2021-02-06T09:18:07","slug":"liitumisavaldus","status":"publish","type":"page","link":"https:\/\/opetajateliit.ee\/?page_id=1002","title":{"rendered":"Liitumisavaldus"},"content":{"rendered":"<p>Eesti \u00d5petajate Liidu liikmeks saamiseks tuleb t\u00e4ita ankeedivormis liitumisavaldus ja tasuda liikmemaks 20 eurot E\u00d5Li arvelduskontole (Eesti \u00d5petajate Liit, a\/a nr EE221010022072852005)<\/p>\n<p>Liikmeks astumise avaldus vaadatakse l\u00e4bi ja kinnitatakse p\u00e4rast liikmemaksu laekumist E\u00d5Li juhatuse koosolekul.<\/p>\n<p><a href=\"https:\/\/docs.google.com\/forms\/d\/1dEEeq4703BOlHTjKvL3e6Zm9CRCSe1UL06pjJoGOxuY\/viewform\" target=\"_blank\" rel=\"noopener noreferrer\">LIITUMISAVALDUS<\/a><\/p>\n","protected":false},"excerpt":{"rendered":"<p>Eesti \u00d5petajate Liidu liikmeks saamiseks tuleb t\u00e4ita ankeedivormis liitumisavaldus ja tasuda liikmemaks 20 eurot E\u00d5Li arvelduskontole (Eesti \u00d5petajate Liit, a\/a nr EE221010022072852005) Liikmeks astumise avaldus vaadatakse l\u00e4bi ja kinnitatakse p\u00e4rast liikmemaksu laekumist E\u00d5Li juhatuse koosolekul. LIITUMISAVALDUS<\/p>\n","protected":false},"author":5,"featured_media":0,"parent":0,"menu_order":0,"comment_status":"closed","ping_status":"closed","template":"","meta":{"footnotes":""},"class_list":["post-1002","page","type-page","status-publish","hentry"],"_links":{"self":[{"href":"https:\/\/opetajateliit.ee\/index.php?rest_route=\/wp\/v2\/pages\/1002","targetHints":{"allow":["GET"]}}],"collection":[{"href":"https:\/\/opetajateliit.ee\/index.php?rest_route=\/wp\/v2\/pages"}],"about":[{"href":"https:\/\/opetajateliit.ee\/index.php?rest_route=\/wp\/v2\/types\/page"}],"author":[{"embeddable":true,"href":"https:\/\/opetajateliit.ee\/index.php?rest_route=\/wp\/v2\/users\/5"}],"replies":[{"embeddable":true,"href":"https:\/\/opetajateliit.ee\/index.php?rest_route=%2Fwp%2Fv2%2Fcomments&post=1002"}],"version-history":[{"count":13,"href":"https:\/\/opetajateliit.ee\/index.php?rest_route=\/wp\/v2\/pages\/1002\/revisions"}],"predecessor-version":[{"id":2686,"href":"https:\/\/opetajateliit.ee\/index.php?rest_route=\/wp\/v2\/pages\/1002\/revisions\/2686"}],"wp:attachment":[{"href":"https:\/\/opetajateliit.ee\/index.php?rest_route=%2Fwp%2Fv2%2Fmedia&parent=1002"}],"curies":[{"name":"wp","href":"https:\/\/api.w.org\/{rel}","templated":true}]}}